{"id":606,"date":"2024-03-18T15:40:42","date_gmt":"2024-03-18T14:40:42","guid":{"rendered":"https:\/\/automatyka-serwis.com.pl\/?page_id=606"},"modified":"2024-08-21T12:30:12","modified_gmt":"2024-08-21T10:30:12","slug":"burty-wagowe","status":"publish","type":"page","link":"https:\/\/automatyka-serwis.com.pl\/pl\/wyposazenie-dodatkowe\/burty-wagowe\/","title":{"rendered":"Burty wagowe"},"content":{"rendered":"\n<section class=\"tabela-text-block\">\n\n\n    <table class=\"two-columns\">\n        <tbody>\n            <tr>\n                <td class=\"no-margin-left col-xs-12 col-ms-12 col-sm-8 col-md-8 col-lg-8\">\n                    <p><span class=\"blues\"><strong><span style=\"color: #009ee0\">Burty wagowe s\u0105 dodatkowym wyposa\u017ceniem pomostu wagowego.<\/span><\/strong><\/span><\/p>\n<p><span class=\"blues\"><strong><br \/>\n<\/strong><\/span><br \/>\n<span class=\"blues\"><img decoding=\"async\" src=\"https:\/\/automatyka-serwis.com.pl\/wp-content\/themes\/wordpress-starter-template\/assets\/icons\/check.png\" alt=\"checkmark\" \/><\/span>Zamontowane na wadze zag\u0142\u0119bionej wymuszaj\u0105 na kierowcy prawid\u0142owe ustawienie pojazdu na wadze.<\/p>\n<p>&nbsp;<\/p>\n<p><span class=\"blues\"><img decoding=\"async\" src=\"https:\/\/automatyka-serwis.com.pl\/wp-content\/themes\/wordpress-starter-template\/assets\/icons\/check.png\" alt=\"checkmark\" \/><\/span>Zamontowane na wadze najazdowej, zabezpieczaj\u0105 pojazd przed zsuni\u0119ciem si\u0119 z pomostu np. w przypadku du\u017cego oblodzenia wagi.<\/p>\n                <\/td>\n                <td class=\"no-margin-right col-xs-12 col-ms-12 col-sm-4 col-md-4 col-lg-4\">\n\n                    \n\n                            <a title=\"Burty na wadze najazdowej\" href=\"https:\/\/automatyka-serwis.com.pl\/wp-content\/uploads\/2024\/03\/burty_1.jpg\" class=\"foobox\">\n                                <img decoding=\"async\" src=\"https:\/\/automatyka-serwis.com.pl\/wp-content\/uploads\/2024\/03\/burty_1.jpg\" alt=\"Burty na wadze najazdowej\">\n                            <\/a>\n\n                        \n\n                            <a title=\"Burty na wadze zag\u0142\u0119bionej\" href=\"https:\/\/automatyka-serwis.com.pl\/wp-content\/uploads\/2024\/03\/burty_2.jpg\" class=\"foobox\">\n                                <img decoding=\"async\" src=\"https:\/\/automatyka-serwis.com.pl\/wp-content\/uploads\/2024\/03\/burty_2.jpg\" alt=\"Burty na wadze zag\u0142\u0119bionej\">\n                            <\/a>\n\n                        \n\n                            <a title=\"Burty wagowe na wadze najazdowej\" href=\"https:\/\/automatyka-serwis.com.pl\/wp-content\/uploads\/2024\/08\/DSC03867_medium.png\" class=\"foobox\">\n                                <img decoding=\"async\" src=\"https:\/\/automatyka-serwis.com.pl\/wp-content\/uploads\/2024\/08\/DSC03867_medium.png\" alt=\"Burty wagowe na wadze najazdowej\">\n                            <\/a>\n\n                        \n                <\/td>\n            <\/tr>\n        <\/tbody>\n    <\/table>\n\n<\/section>\n\n\n<section class=\"tabela-block\">\n\n    <table class=\"two-columns\">\n        <tbody>\n            <tr>\n                <td class=\"no-margin-left col-xs-12 col-ms-12 col-sm-8 col-md-8 col-lg-8\">\n                    <table class=\"elekt-div\">\n                        <tbody>\n                            <tr>\n                                <td class=\"title\" colspan=\"2\">\n                                    Dane techniczne                                <\/td>\n                            <\/tr>\n\n                            \n                                    <tr>\n                                        <td class=\"col-xs-12 col-ms-12 col-sm-8 col-md-7 col-lg-7\">\n                                            Materia\u0142\t                                        <\/td>\n                                        <td class=\"col-xs-12 col-ms-12 col-sm-4 col-md-5 col-lg-5\">\n                                            Stal, malowana na kolor \u017c\u00f3\u0142ty lub \u017c\u00f3\u0142to-czarne pasy                                        <\/td>\n                                    <\/tr>\n\n                                \n                                    <tr>\n                                        <td class=\"col-xs-12 col-ms-12 col-sm-8 col-md-7 col-lg-7\">\n                                            Wysoko\u015b\u0107                                        <\/td>\n                                        <td class=\"col-xs-12 col-ms-12 col-sm-4 col-md-5 col-lg-5\">\n                                            100-250mm                                        <\/td>\n                                    <\/tr>\n\n                                \n                                    <tr>\n                                        <td class=\"col-xs-12 col-ms-12 col-sm-8 col-md-7 col-lg-7\">\n                                            Monta\u017c                                        <\/td>\n                                        <td class=\"col-xs-12 col-ms-12 col-sm-4 col-md-5 col-lg-5\">\n                                             kotwy stalowe\/spawane                                        <\/td>\n                                    <\/tr>\n\n                                \n                        <\/tbody>\n                    <\/table>\n                <\/td>\n                <td class=\"no-margin-right col-xs-12 col-ms-12 col-sm-4 col-md-4 col-lg-4\">\n\n                    \n\n                                    <\/td>\n            <\/tr>\n        <\/tbody>\n    <\/table>\n    <p>\n        * w zale\u017cno\u015bci od miernika wagowego i opcjonalnego wyposa\u017cenia    <\/p>\n\n<\/section>","protected":false},"excerpt":{"rendered":"","protected":false},"author":1,"featured_media":0,"parent":200,"menu_order":0,"comment_status":"closed","ping_status":"closed","template":"","meta":{"_acf_changed":false,"_monsterinsights_skip_tracking":false,"_monsterinsights_sitenote_active":false,"_monsterinsights_sitenote_note":"","_monsterinsights_sitenote_category":0,"footnotes":""},"class_list":["post-606","page","type-page","status-publish","hentry"],"acf":[],"yoast_head":"<!-- This site is optimized with the Yoast SEO plugin v27.0 - https:\/\/yoast.com\/product\/yoast-seo-wordpress\/ -->\n<title>Burty wagowe - Automatyka Serwis<\/title>\n<meta name=\"robots\" content=\"index, follow, max-snippet:-1, max-image-preview:large, max-video-preview:-1\" \/>\n<link rel=\"canonical\" href=\"https:\/\/automatyka-serwis.com.pl\/pl\/wyposazenie-dodatkowe\/burty-wagowe\/\" \/>\n<meta property=\"og:locale\" content=\"pl_PL\" \/>\n<meta property=\"og:type\" content=\"article\" \/>\n<meta property=\"og:title\" content=\"Burty wagowe - Automatyka Serwis\" \/>\n<meta property=\"og:url\" content=\"https:\/\/automatyka-serwis.com.pl\/pl\/wyposazenie-dodatkowe\/burty-wagowe\/\" \/>\n<meta property=\"og:site_name\" content=\"Automatyka Serwis\" \/>\n<meta property=\"article:publisher\" content=\"https:\/\/www.facebook.com\/profile.php?id=100054461050574\" \/>\n<meta property=\"article:modified_time\" content=\"2024-08-21T10:30:12+00:00\" \/>\n<meta name=\"twitter:card\" content=\"summary_large_image\" \/>\n<script type=\"application\/ld+json\" class=\"yoast-schema-graph\">{\"@context\":\"https:\/\/schema.org\",\"@graph\":[{\"@type\":\"WebPage\",\"@id\":\"https:\/\/automatyka-serwis.com.pl\/pl\/wyposazenie-dodatkowe\/burty-wagowe\/\",\"url\":\"https:\/\/automatyka-serwis.com.pl\/pl\/wyposazenie-dodatkowe\/burty-wagowe\/\",\"name\":\"Burty wagowe - Automatyka Serwis\",\"isPartOf\":{\"@id\":\"https:\/\/automatyka-serwis.com.pl\/pl\/#website\"},\"datePublished\":\"2024-03-18T14:40:42+00:00\",\"dateModified\":\"2024-08-21T10:30:12+00:00\",\"breadcrumb\":{\"@id\":\"https:\/\/automatyka-serwis.com.pl\/pl\/wyposazenie-dodatkowe\/burty-wagowe\/#breadcrumb\"},\"inLanguage\":\"pl-PL\",\"potentialAction\":[{\"@type\":\"ReadAction\",\"target\":[\"https:\/\/automatyka-serwis.com.pl\/pl\/wyposazenie-dodatkowe\/burty-wagowe\/\"]}]},{\"@type\":\"BreadcrumbList\",\"@id\":\"https:\/\/automatyka-serwis.com.pl\/pl\/wyposazenie-dodatkowe\/burty-wagowe\/#breadcrumb\",\"itemListElement\":[{\"@type\":\"ListItem\",\"position\":1,\"name\":\"Strona g\u0142\u00f3wna\",\"item\":\"https:\/\/automatyka-serwis.com.pl\/pl\/\"},{\"@type\":\"ListItem\",\"position\":2,\"name\":\"Wyposa\u017cenie dodatkowe do wag\",\"item\":\"https:\/\/automatyka-serwis.com.pl\/pl\/wyposazenie-dodatkowe\/\"},{\"@type\":\"ListItem\",\"position\":3,\"name\":\"Burty wagowe\"}]},{\"@type\":\"WebSite\",\"@id\":\"https:\/\/automatyka-serwis.com.pl\/pl\/#website\",\"url\":\"https:\/\/automatyka-serwis.com.pl\/pl\/\",\"name\":\"Automatyka Serwis\",\"description\":\"\",\"publisher\":{\"@id\":\"https:\/\/automatyka-serwis.com.pl\/pl\/#organization\"},\"potentialAction\":[{\"@type\":\"SearchAction\",\"target\":{\"@type\":\"EntryPoint\",\"urlTemplate\":\"https:\/\/automatyka-serwis.com.pl\/pl\/?s={search_term_string}\"},\"query-input\":{\"@type\":\"PropertyValueSpecification\",\"valueRequired\":true,\"valueName\":\"search_term_string\"}}],\"inLanguage\":\"pl-PL\"},{\"@type\":\"Organization\",\"@id\":\"https:\/\/automatyka-serwis.com.pl\/pl\/#organization\",\"name\":\"Automatyka Serwis Automatyka Serwis Sp. z o.o. Sp.k.\",\"url\":\"https:\/\/automatyka-serwis.com.pl\/pl\/\",\"logo\":{\"@type\":\"ImageObject\",\"inLanguage\":\"pl-PL\",\"@id\":\"https:\/\/automatyka-serwis.com.pl\/pl\/#\/schema\/logo\/image\/\",\"url\":\"https:\/\/automatyka-serwis.com.pl\/wp-content\/uploads\/2024\/07\/Logo-2017.png\",\"contentUrl\":\"https:\/\/automatyka-serwis.com.pl\/wp-content\/uploads\/2024\/07\/Logo-2017.png\",\"width\":173,\"height\":40,\"caption\":\"Automatyka Serwis Automatyka Serwis Sp. z o.o. Sp.k.\"},\"image\":{\"@id\":\"https:\/\/automatyka-serwis.com.pl\/pl\/#\/schema\/logo\/image\/\"},\"sameAs\":[\"https:\/\/www.facebook.com\/profile.php?id=100054461050574\"]}]}<\/script>\n<!-- \/ Yoast SEO plugin. -->","yoast_head_json":{"title":"Burty wagowe - Automatyka Serwis","robots":{"index":"index","follow":"follow","max-snippet":"max-snippet:-1","max-image-preview":"max-image-preview:large","max-video-preview":"max-video-preview:-1"},"canonical":"https:\/\/automatyka-serwis.com.pl\/pl\/wyposazenie-dodatkowe\/burty-wagowe\/","og_locale":"pl_PL","og_type":"article","og_title":"Burty wagowe - Automatyka Serwis","og_url":"https:\/\/automatyka-serwis.com.pl\/pl\/wyposazenie-dodatkowe\/burty-wagowe\/","og_site_name":"Automatyka Serwis","article_publisher":"https:\/\/www.facebook.com\/profile.php?id=100054461050574","article_modified_time":"2024-08-21T10:30:12+00:00","twitter_card":"summary_large_image","schema":{"@context":"https:\/\/schema.org","@graph":[{"@type":"WebPage","@id":"https:\/\/automatyka-serwis.com.pl\/pl\/wyposazenie-dodatkowe\/burty-wagowe\/","url":"https:\/\/automatyka-serwis.com.pl\/pl\/wyposazenie-dodatkowe\/burty-wagowe\/","name":"Burty wagowe - Automatyka Serwis","isPartOf":{"@id":"https:\/\/automatyka-serwis.com.pl\/pl\/#website"},"datePublished":"2024-03-18T14:40:42+00:00","dateModified":"2024-08-21T10:30:12+00:00","breadcrumb":{"@id":"https:\/\/automatyka-serwis.com.pl\/pl\/wyposazenie-dodatkowe\/burty-wagowe\/#breadcrumb"},"inLanguage":"pl-PL","potentialAction":[{"@type":"ReadAction","target":["https:\/\/automatyka-serwis.com.pl\/pl\/wyposazenie-dodatkowe\/burty-wagowe\/"]}]},{"@type":"BreadcrumbList","@id":"https:\/\/automatyka-serwis.com.pl\/pl\/wyposazenie-dodatkowe\/burty-wagowe\/#breadcrumb","itemListElement":[{"@type":"ListItem","position":1,"name":"Strona g\u0142\u00f3wna","item":"https:\/\/automatyka-serwis.com.pl\/pl\/"},{"@type":"ListItem","position":2,"name":"Wyposa\u017cenie dodatkowe do wag","item":"https:\/\/automatyka-serwis.com.pl\/pl\/wyposazenie-dodatkowe\/"},{"@type":"ListItem","position":3,"name":"Burty wagowe"}]},{"@type":"WebSite","@id":"https:\/\/automatyka-serwis.com.pl\/pl\/#website","url":"https:\/\/automatyka-serwis.com.pl\/pl\/","name":"Automatyka Serwis","description":"","publisher":{"@id":"https:\/\/automatyka-serwis.com.pl\/pl\/#organization"},"potentialAction":[{"@type":"SearchAction","target":{"@type":"EntryPoint","urlTemplate":"https:\/\/automatyka-serwis.com.pl\/pl\/?s={search_term_string}"},"query-input":{"@type":"PropertyValueSpecification","valueRequired":true,"valueName":"search_term_string"}}],"inLanguage":"pl-PL"},{"@type":"Organization","@id":"https:\/\/automatyka-serwis.com.pl\/pl\/#organization","name":"Automatyka Serwis Automatyka Serwis Sp. z o.o. Sp.k.","url":"https:\/\/automatyka-serwis.com.pl\/pl\/","logo":{"@type":"ImageObject","inLanguage":"pl-PL","@id":"https:\/\/automatyka-serwis.com.pl\/pl\/#\/schema\/logo\/image\/","url":"https:\/\/automatyka-serwis.com.pl\/wp-content\/uploads\/2024\/07\/Logo-2017.png","contentUrl":"https:\/\/automatyka-serwis.com.pl\/wp-content\/uploads\/2024\/07\/Logo-2017.png","width":173,"height":40,"caption":"Automatyka Serwis Automatyka Serwis Sp. z o.o. Sp.k."},"image":{"@id":"https:\/\/automatyka-serwis.com.pl\/pl\/#\/schema\/logo\/image\/"},"sameAs":["https:\/\/www.facebook.com\/profile.php?id=100054461050574"]}]}},"_links":{"self":[{"href":"https:\/\/automatyka-serwis.com.pl\/pl\/wp-json\/wp\/v2\/pages\/606","targetHints":{"allow":["GET"]}}],"collection":[{"href":"https:\/\/automatyka-serwis.com.pl\/pl\/wp-json\/wp\/v2\/pages"}],"about":[{"href":"https:\/\/automatyka-serwis.com.pl\/pl\/wp-json\/wp\/v2\/types\/page"}],"author":[{"embeddable":true,"href":"https:\/\/automatyka-serwis.com.pl\/pl\/wp-json\/wp\/v2\/users\/1"}],"replies":[{"embeddable":true,"href":"https:\/\/automatyka-serwis.com.pl\/pl\/wp-json\/wp\/v2\/comments?post=606"}],"version-history":[{"count":5,"href":"https:\/\/automatyka-serwis.com.pl\/pl\/wp-json\/wp\/v2\/pages\/606\/revisions"}],"predecessor-version":[{"id":1134,"href":"https:\/\/automatyka-serwis.com.pl\/pl\/wp-json\/wp\/v2\/pages\/606\/revisions\/1134"}],"up":[{"embeddable":true,"href":"https:\/\/automatyka-serwis.com.pl\/pl\/wp-json\/wp\/v2\/pages\/200"}],"wp:attachment":[{"href":"https:\/\/automatyka-serwis.com.pl\/pl\/wp-json\/wp\/v2\/media?parent=606"}],"curies":[{"name":"wp","href":"https:\/\/api.w.org\/{rel}","templated":true}]}}