{"id":602,"date":"2024-03-18T15:39:31","date_gmt":"2024-03-18T14:39:31","guid":{"rendered":"https:\/\/automatyka-serwis.com.pl\/?page_id=602"},"modified":"2024-03-19T09:52:08","modified_gmt":"2024-03-19T08:52:08","slug":"czujniki-polozenia-pojazdu","status":"publish","type":"page","link":"https:\/\/automatyka-serwis.com.pl\/pl\/wyposazenie-dodatkowe\/czujniki-polozenia-pojazdu\/","title":{"rendered":"Czujniki po\u0142o\u017cenia pojazdu"},"content":{"rendered":"\n<section class=\"tabela-text-block\">\n\n\n    <table class=\"two-columns\">\n        <tbody>\n            <tr>\n                <td class=\"no-margin-left col-xs-12 col-ms-12 col-sm-8 col-md-8 col-lg-8\">\n                    <p><span class=\"blues\"><strong>Czujniki po\u0142o\u017cenia pojazdu kontroluj\u0105 prawid\u0142owe ustawienie pojazdu na wadze.<\/strong><\/span><\/p>\n<p>&nbsp;<\/p>\n<p><span class=\"blues\"><img decoding=\"async\" src=\"https:\/\/automatyka-serwis.com.pl\/wp-content\/themes\/wordpress-starter-template\/assets\/icons\/check.png\" alt=\"checkmark\" \/><\/span><span class=\"blues\">Umieszczane s\u0105 na ko\u0144cach wagi<\/span>, tak aby ani prz\u00f3d, ani ty\u0142 pojazdu nie wystawa\u0142y poza obrys wagi.<\/p>\n<p>&nbsp;<\/p>\n<p><span class=\"blues\"><img decoding=\"async\" src=\"https:\/\/automatyka-serwis.com.pl\/wp-content\/themes\/wordpress-starter-template\/assets\/icons\/check.png\" alt=\"checkmark\" \/><\/span>Ustawienie pojazdu jest\u00a0<span class=\"blues\">sygnalizowane w programie wagowym<\/span>, kt\u00f3ry nie pozwala na wykonanie wa\u017cenia, je\u015bli czujniki stwierdz\u0105 nieprawid\u0142owe ustawienie pojazdu.<\/p>\n<p>&nbsp;<\/p>\n<p><span class=\"blues\"><img decoding=\"async\" src=\"https:\/\/automatyka-serwis.com.pl\/wp-content\/themes\/wordpress-starter-template\/assets\/icons\/check.png\" alt=\"checkmark\" \/><\/span>Istnieje mo\u017cliwo\u015b\u0107 zamontowania czujnik\u00f3w r\u00f3wnie\u017c\u00a0<span class=\"blues\">wzd\u0142u\u017c wagi<\/span>\u00a0lub zabezpieczenie prawid\u0142owego ustawienia pojazdu za pomoc\u0105 burt stalowych.<\/p>\n<p>&nbsp;<\/p>\n<p><strong><span class=\"blues\"><img decoding=\"async\" src=\"https:\/\/automatyka-serwis.com.pl\/wp-content\/themes\/wordpress-starter-template\/assets\/icons\/check.png\" alt=\"checkmark\" \/><\/span><\/strong>Czujniki montowane s\u0105\u00a0<span class=\"blues\">na s\u0142upkach przy wadze<\/span>, moga by\u0107 r\u00f3wnie\u017c zamontowane np. na murze. Os\u0142oni\u0119te s\u0105 metalow\u0105 obudow\u0105, zabepieczaj\u0105c\u0105 przez przypadkowym uszkodzeniem.<\/p>\n<p>&nbsp;<\/p>\n<p><span class=\"blues\"><img decoding=\"async\" src=\"https:\/\/automatyka-serwis.com.pl\/wp-content\/themes\/wordpress-starter-template\/assets\/icons\/check.png\" alt=\"checkmark\" \/><\/span>Waga mo\u017ce by\u0107 wyposa\u017cona w 2 (tylko na ko\u0144cach) lub 4 pary czujnik\u00f3w (na ko\u0144cach i wzd\u0142u\u017c wagi)<\/p>\n                <\/td>\n                <td class=\"no-margin-right col-xs-12 col-ms-12 col-sm-4 col-md-4 col-lg-4\">\n\n                    \n\n                            <a title=\"Czujnik po\u0142o\u017cenia zamontowany na s\u0142upku\" href=\"https:\/\/automatyka-serwis.com.pl\/wp-content\/uploads\/2024\/03\/czujnik.jpg\" class=\"foobox\">\n                                <img decoding=\"async\" src=\"https:\/\/automatyka-serwis.com.pl\/wp-content\/uploads\/2024\/03\/czujnik.jpg\" alt=\"Czujnik po\u0142o\u017cenia zamontowany na s\u0142upku\">\n                            <\/a>\n\n                        \n\n                            <a title=\"Czujniki kontroluj\u0105ce koniec wagi (nadajnik i odbiornik)\" href=\"https:\/\/automatyka-serwis.com.pl\/wp-content\/uploads\/2024\/03\/czujnik_2-tb.jpg\" class=\"foobox\">\n                                <img decoding=\"async\" src=\"https:\/\/automatyka-serwis.com.pl\/wp-content\/uploads\/2024\/03\/czujnik_2-tb.jpg\" alt=\"Czujniki kontroluj\u0105ce koniec wagi (nadajnik i odbiornik)\">\n                            <\/a>\n\n                        \n                <\/td>\n            <\/tr>\n        <\/tbody>\n    <\/table>\n\n<\/section>\n\n\n<section class=\"tabela-block\">\n\n    <table class=\"two-columns\">\n        <tbody>\n            <tr>\n                <td class=\"no-margin-left col-xs-12 col-ms-12 col-sm-8 col-md-8 col-lg-8\">\n                    <table class=\"elekt-div\">\n                        <tbody>\n                            <tr>\n                                <td class=\"title\" colspan=\"2\">\n                                    Dane techniczne                                <\/td>\n                            <\/tr>\n\n                            \n                                    <tr>\n                                        <td class=\"col-xs-12 col-ms-12 col-sm-8 col-md-7 col-lg-7\">\n                                            Technologia\t                                        <\/td>\n                                        <td class=\"col-xs-12 col-ms-12 col-sm-4 col-md-5 col-lg-5\">\n                                            czujnik podczerwieni, aktywny, tj. nadajnik-odbiornik                                        <\/td>\n                                    <\/tr>\n\n                                \n                                    <tr>\n                                        <td class=\"col-xs-12 col-ms-12 col-sm-8 col-md-7 col-lg-7\">\n                                            Obudowa\t                                        <\/td>\n                                        <td class=\"col-xs-12 col-ms-12 col-sm-4 col-md-5 col-lg-5\">\n                                            tworzywo sztuczne, aluminium                                        <\/td>\n                                    <\/tr>\n\n                                \n                                    <tr>\n                                        <td class=\"col-xs-12 col-ms-12 col-sm-8 col-md-7 col-lg-7\">\n                                            Zasilanie                                        <\/td>\n                                        <td class=\"col-xs-12 col-ms-12 col-sm-4 col-md-5 col-lg-5\">\n                                            12\/24VDC                                        <\/td>\n                                    <\/tr>\n\n                                \n                                    <tr>\n                                        <td class=\"col-xs-12 col-ms-12 col-sm-8 col-md-7 col-lg-7\">\n                                            Monta\u017c                                        <\/td>\n                                        <td class=\"col-xs-12 col-ms-12 col-sm-4 col-md-5 col-lg-5\">\n                                            p\u0142aska powierzchnia, s\u0142upek                                        <\/td>\n                                    <\/tr>\n\n                                \n                        <\/tbody>\n                    <\/table>\n                <\/td>\n                <td class=\"no-margin-right col-xs-12 col-ms-12 col-sm-4 col-md-4 col-lg-4\">\n\n                    \n\n                                    <\/td>\n            <\/tr>\n        <\/tbody>\n    <\/table>\n    <p>\n        * w zale\u017cno\u015bci od miernika wagowego i opcjonalnego wyposa\u017cenia    <\/p>\n\n<\/section>","protected":false},"excerpt":{"rendered":"","protected":false},"author":1,"featured_media":0,"parent":200,"menu_order":0,"comment_status":"closed","ping_status":"closed","template":"","meta":{"_acf_changed":false,"_monsterinsights_skip_tracking":false,"_monsterinsights_sitenote_active":false,"_monsterinsights_sitenote_note":"","_monsterinsights_sitenote_category":0,"footnotes":""},"class_list":["post-602","page","type-page","status-publish","hentry"],"acf":[],"yoast_head":"<!-- This site is optimized with the Yoast SEO plugin v27.0 - https:\/\/yoast.com\/product\/yoast-seo-wordpress\/ -->\n<title>Czujniki po\u0142o\u017cenia pojazdu - Automatyka Serwis<\/title>\n<meta name=\"robots\" content=\"index, follow, max-snippet:-1, max-image-preview:large, max-video-preview:-1\" \/>\n<link rel=\"canonical\" href=\"https:\/\/automatyka-serwis.com.pl\/pl\/wyposazenie-dodatkowe\/czujniki-polozenia-pojazdu\/\" \/>\n<meta property=\"og:locale\" content=\"pl_PL\" \/>\n<meta property=\"og:type\" content=\"article\" \/>\n<meta property=\"og:title\" content=\"Czujniki po\u0142o\u017cenia pojazdu - Automatyka Serwis\" \/>\n<meta property=\"og:url\" content=\"https:\/\/automatyka-serwis.com.pl\/pl\/wyposazenie-dodatkowe\/czujniki-polozenia-pojazdu\/\" \/>\n<meta property=\"og:site_name\" content=\"Automatyka Serwis\" \/>\n<meta property=\"article:publisher\" content=\"https:\/\/www.facebook.com\/profile.php?id=100054461050574\" \/>\n<meta property=\"article:modified_time\" content=\"2024-03-19T08:52:08+00:00\" \/>\n<meta name=\"twitter:card\" content=\"summary_large_image\" \/>\n<script type=\"application\/ld+json\" class=\"yoast-schema-graph\">{\"@context\":\"https:\/\/schema.org\",\"@graph\":[{\"@type\":\"WebPage\",\"@id\":\"https:\/\/automatyka-serwis.com.pl\/pl\/wyposazenie-dodatkowe\/czujniki-polozenia-pojazdu\/\",\"url\":\"https:\/\/automatyka-serwis.com.pl\/pl\/wyposazenie-dodatkowe\/czujniki-polozenia-pojazdu\/\",\"name\":\"Czujniki po\u0142o\u017cenia pojazdu - Automatyka Serwis\",\"isPartOf\":{\"@id\":\"https:\/\/automatyka-serwis.com.pl\/pl\/#website\"},\"datePublished\":\"2024-03-18T14:39:31+00:00\",\"dateModified\":\"2024-03-19T08:52:08+00:00\",\"breadcrumb\":{\"@id\":\"https:\/\/automatyka-serwis.com.pl\/pl\/wyposazenie-dodatkowe\/czujniki-polozenia-pojazdu\/#breadcrumb\"},\"inLanguage\":\"pl-PL\",\"potentialAction\":[{\"@type\":\"ReadAction\",\"target\":[\"https:\/\/automatyka-serwis.com.pl\/pl\/wyposazenie-dodatkowe\/czujniki-polozenia-pojazdu\/\"]}]},{\"@type\":\"BreadcrumbList\",\"@id\":\"https:\/\/automatyka-serwis.com.pl\/pl\/wyposazenie-dodatkowe\/czujniki-polozenia-pojazdu\/#breadcrumb\",\"itemListElement\":[{\"@type\":\"ListItem\",\"position\":1,\"name\":\"Strona g\u0142\u00f3wna\",\"item\":\"https:\/\/automatyka-serwis.com.pl\/pl\/\"},{\"@type\":\"ListItem\",\"position\":2,\"name\":\"Wyposa\u017cenie dodatkowe do wag\",\"item\":\"https:\/\/automatyka-serwis.com.pl\/pl\/wyposazenie-dodatkowe\/\"},{\"@type\":\"ListItem\",\"position\":3,\"name\":\"Czujniki po\u0142o\u017cenia pojazdu\"}]},{\"@type\":\"WebSite\",\"@id\":\"https:\/\/automatyka-serwis.com.pl\/pl\/#website\",\"url\":\"https:\/\/automatyka-serwis.com.pl\/pl\/\",\"name\":\"Automatyka Serwis\",\"description\":\"\",\"publisher\":{\"@id\":\"https:\/\/automatyka-serwis.com.pl\/pl\/#organization\"},\"potentialAction\":[{\"@type\":\"SearchAction\",\"target\":{\"@type\":\"EntryPoint\",\"urlTemplate\":\"https:\/\/automatyka-serwis.com.pl\/pl\/?s={search_term_string}\"},\"query-input\":{\"@type\":\"PropertyValueSpecification\",\"valueRequired\":true,\"valueName\":\"search_term_string\"}}],\"inLanguage\":\"pl-PL\"},{\"@type\":\"Organization\",\"@id\":\"https:\/\/automatyka-serwis.com.pl\/pl\/#organization\",\"name\":\"Automatyka Serwis Automatyka Serwis Sp. z o.o. Sp.k.\",\"url\":\"https:\/\/automatyka-serwis.com.pl\/pl\/\",\"logo\":{\"@type\":\"ImageObject\",\"inLanguage\":\"pl-PL\",\"@id\":\"https:\/\/automatyka-serwis.com.pl\/pl\/#\/schema\/logo\/image\/\",\"url\":\"https:\/\/automatyka-serwis.com.pl\/wp-content\/uploads\/2024\/07\/Logo-2017.png\",\"contentUrl\":\"https:\/\/automatyka-serwis.com.pl\/wp-content\/uploads\/2024\/07\/Logo-2017.png\",\"width\":173,\"height\":40,\"caption\":\"Automatyka Serwis Automatyka Serwis Sp. z o.o. Sp.k.\"},\"image\":{\"@id\":\"https:\/\/automatyka-serwis.com.pl\/pl\/#\/schema\/logo\/image\/\"},\"sameAs\":[\"https:\/\/www.facebook.com\/profile.php?id=100054461050574\"]}]}<\/script>\n<!-- \/ Yoast SEO plugin. -->","yoast_head_json":{"title":"Czujniki po\u0142o\u017cenia pojazdu - Automatyka Serwis","robots":{"index":"index","follow":"follow","max-snippet":"max-snippet:-1","max-image-preview":"max-image-preview:large","max-video-preview":"max-video-preview:-1"},"canonical":"https:\/\/automatyka-serwis.com.pl\/pl\/wyposazenie-dodatkowe\/czujniki-polozenia-pojazdu\/","og_locale":"pl_PL","og_type":"article","og_title":"Czujniki po\u0142o\u017cenia pojazdu - Automatyka Serwis","og_url":"https:\/\/automatyka-serwis.com.pl\/pl\/wyposazenie-dodatkowe\/czujniki-polozenia-pojazdu\/","og_site_name":"Automatyka Serwis","article_publisher":"https:\/\/www.facebook.com\/profile.php?id=100054461050574","article_modified_time":"2024-03-19T08:52:08+00:00","twitter_card":"summary_large_image","schema":{"@context":"https:\/\/schema.org","@graph":[{"@type":"WebPage","@id":"https:\/\/automatyka-serwis.com.pl\/pl\/wyposazenie-dodatkowe\/czujniki-polozenia-pojazdu\/","url":"https:\/\/automatyka-serwis.com.pl\/pl\/wyposazenie-dodatkowe\/czujniki-polozenia-pojazdu\/","name":"Czujniki po\u0142o\u017cenia pojazdu - Automatyka Serwis","isPartOf":{"@id":"https:\/\/automatyka-serwis.com.pl\/pl\/#website"},"datePublished":"2024-03-18T14:39:31+00:00","dateModified":"2024-03-19T08:52:08+00:00","breadcrumb":{"@id":"https:\/\/automatyka-serwis.com.pl\/pl\/wyposazenie-dodatkowe\/czujniki-polozenia-pojazdu\/#breadcrumb"},"inLanguage":"pl-PL","potentialAction":[{"@type":"ReadAction","target":["https:\/\/automatyka-serwis.com.pl\/pl\/wyposazenie-dodatkowe\/czujniki-polozenia-pojazdu\/"]}]},{"@type":"BreadcrumbList","@id":"https:\/\/automatyka-serwis.com.pl\/pl\/wyposazenie-dodatkowe\/czujniki-polozenia-pojazdu\/#breadcrumb","itemListElement":[{"@type":"ListItem","position":1,"name":"Strona g\u0142\u00f3wna","item":"https:\/\/automatyka-serwis.com.pl\/pl\/"},{"@type":"ListItem","position":2,"name":"Wyposa\u017cenie dodatkowe do wag","item":"https:\/\/automatyka-serwis.com.pl\/pl\/wyposazenie-dodatkowe\/"},{"@type":"ListItem","position":3,"name":"Czujniki po\u0142o\u017cenia pojazdu"}]},{"@type":"WebSite","@id":"https:\/\/automatyka-serwis.com.pl\/pl\/#website","url":"https:\/\/automatyka-serwis.com.pl\/pl\/","name":"Automatyka Serwis","description":"","publisher":{"@id":"https:\/\/automatyka-serwis.com.pl\/pl\/#organization"},"potentialAction":[{"@type":"SearchAction","target":{"@type":"EntryPoint","urlTemplate":"https:\/\/automatyka-serwis.com.pl\/pl\/?s={search_term_string}"},"query-input":{"@type":"PropertyValueSpecification","valueRequired":true,"valueName":"search_term_string"}}],"inLanguage":"pl-PL"},{"@type":"Organization","@id":"https:\/\/automatyka-serwis.com.pl\/pl\/#organization","name":"Automatyka Serwis Automatyka Serwis Sp. z o.o. Sp.k.","url":"https:\/\/automatyka-serwis.com.pl\/pl\/","logo":{"@type":"ImageObject","inLanguage":"pl-PL","@id":"https:\/\/automatyka-serwis.com.pl\/pl\/#\/schema\/logo\/image\/","url":"https:\/\/automatyka-serwis.com.pl\/wp-content\/uploads\/2024\/07\/Logo-2017.png","contentUrl":"https:\/\/automatyka-serwis.com.pl\/wp-content\/uploads\/2024\/07\/Logo-2017.png","width":173,"height":40,"caption":"Automatyka Serwis Automatyka Serwis Sp. z o.o. Sp.k."},"image":{"@id":"https:\/\/automatyka-serwis.com.pl\/pl\/#\/schema\/logo\/image\/"},"sameAs":["https:\/\/www.facebook.com\/profile.php?id=100054461050574"]}]}},"_links":{"self":[{"href":"https:\/\/automatyka-serwis.com.pl\/pl\/wp-json\/wp\/v2\/pages\/602","targetHints":{"allow":["GET"]}}],"collection":[{"href":"https:\/\/automatyka-serwis.com.pl\/pl\/wp-json\/wp\/v2\/pages"}],"about":[{"href":"https:\/\/automatyka-serwis.com.pl\/pl\/wp-json\/wp\/v2\/types\/page"}],"author":[{"embeddable":true,"href":"https:\/\/automatyka-serwis.com.pl\/pl\/wp-json\/wp\/v2\/users\/1"}],"replies":[{"embeddable":true,"href":"https:\/\/automatyka-serwis.com.pl\/pl\/wp-json\/wp\/v2\/comments?post=602"}],"version-history":[{"count":4,"href":"https:\/\/automatyka-serwis.com.pl\/pl\/wp-json\/wp\/v2\/pages\/602\/revisions"}],"predecessor-version":[{"id":1019,"href":"https:\/\/automatyka-serwis.com.pl\/pl\/wp-json\/wp\/v2\/pages\/602\/revisions\/1019"}],"up":[{"embeddable":true,"href":"https:\/\/automatyka-serwis.com.pl\/pl\/wp-json\/wp\/v2\/pages\/200"}],"wp:attachment":[{"href":"https:\/\/automatyka-serwis.com.pl\/pl\/wp-json\/wp\/v2\/media?parent=602"}],"curies":[{"name":"wp","href":"https:\/\/api.w.org\/{rel}","templated":true}]}}