{"id":513,"date":"2024-03-15T13:14:26","date_gmt":"2024-03-15T12:14:26","guid":{"rendered":"https:\/\/automatyka-serwis.com.pl\/?page_id=513"},"modified":"2024-04-12T14:39:43","modified_gmt":"2024-04-12T12:39:43","slug":"waga-porcjujaca-big-bag","status":"publish","type":"page","link":"https:\/\/automatyka-serwis.com.pl\/pl\/wagi-automatyczne\/wagi-do-napelniania-big-bag\/waga-porcjujaca-big-bag\/","title":{"rendered":"Wagi do nape\u0142niania Big-Bag"},"content":{"rendered":"\n<section class=\"tabela-text-block\">\n\n\n    <table class=\"two-columns\">\n        <tbody>\n            <tr>\n                <td class=\"no-margin-left col-xs-12 col-ms-12 col-sm-8 col-md-8 col-lg-8\">\n                    <p><span style=\"color: #009ee0\"><strong>Waga automatyczna brutto, porcjuj\u0105ca, typu WASA-PZ (Big-Bag)<\/strong><\/span>\u00a0to urz\u0105dzenie s\u0142u\u017c\u0105ce do nape\u0142niania work\u00f3w typu Big-Bag.<\/p>\n<p>&nbsp;<\/p>\n<p><img decoding=\"async\" src=\"https:\/\/automatyka-serwis.com.pl\/wp-content\/themes\/wordpress-starter-template\/assets\/icons\/check.png\" alt=\"\" \/><span class=\"blues\">Podstawowe cechy:<\/span><\/p>\n<p>&nbsp;<\/p>\n<ul>\n<li>Pozwala na \u0142adowanie work\u00f3w 500-1000kg<\/li>\n<li>Wyposa\u017cona jest w uk\u0142ad wa\u017c\u0105cy, klapy dozuj\u0105ce, uk\u0142ad nadmuchu worka.<\/li>\n<li>Mo\u017ce by\u0107 wyposa\u017cona w przeno\u015bnik ta\u015bmowy lub rolkowy do transportu nape\u0142nionych work\u00f3w.<\/li>\n<li>Obs\u0142uga odbywa si\u0119 poprzez graficzny panel operatorski, dzi\u0119ki temu charakteryzuje si\u0119 prostot\u0105 dzia\u0142ania, \u0142atw\u0105 diagnostyk\u0105 oraz du\u017c\u0105 wydajno\u015bci\u0105.<\/li>\n<\/ul>\n<p>&nbsp;<\/p>\n<p><img decoding=\"async\" src=\"https:\/\/automatyka-serwis.com.pl\/wp-content\/themes\/wordpress-starter-template\/assets\/icons\/check.png\" alt=\"\" \/><span class=\"blues\">Maksymalna wydajno\u015b\u0107 nape\u0142niania wynosi ok. 8-10t\/h.<\/span><\/p>\n<p>&nbsp;<\/p>\n<p><img decoding=\"async\" src=\"https:\/\/automatyka-serwis.com.pl\/wp-content\/themes\/wordpress-starter-template\/assets\/icons\/check.png\" alt=\"\" \/>Urz\u0105dzenie oparte jest na wydajnym i niezawodnym sterowniku programowalnym, wyposa\u017conym w specjalistyczny modu\u0142 wagowy.<br \/>\nDzi\u0119ki temu waga jest bardzo wydajna, niezawodna oraz mo\u017ce by\u0107 w prosty spos\u00f3b integrowana z istniej\u0105cymi uk\u0142adami automatyki zak\u0142adu.<\/p>\n                <\/td>\n                <td class=\"no-margin-right col-xs-12 col-ms-12 col-sm-4 col-md-4 col-lg-4\">\n\n                    \n\n                            <a title=\"Waga porcjuj\u0105ca, brutto, do work\u00f3w BIG-BAG\" href=\"https:\/\/automatyka-serwis.com.pl\/wp-content\/uploads\/2024\/03\/waga-porcjujaca-big-bag.jpg\" class=\"foobox\">\n                                <img decoding=\"async\" src=\"https:\/\/automatyka-serwis.com.pl\/wp-content\/uploads\/2024\/03\/waga-porcjujaca-big-bag.jpg\" alt=\"Waga porcjuj\u0105ca, brutto, do work\u00f3w BIG-BAG\">\n                            <\/a>\n\n                        \n\n                            <a title=\"Panel operatorski sterownika wagi porcjuj\u0105cej.\" href=\"https:\/\/automatyka-serwis.com.pl\/wp-content\/uploads\/2024\/03\/panel-operatorski-wagi.jpg\" class=\"foobox\">\n                                <img decoding=\"async\" src=\"https:\/\/automatyka-serwis.com.pl\/wp-content\/uploads\/2024\/03\/panel-operatorski-wagi.jpg\" alt=\"Panel operatorski sterownika wagi porcjuj\u0105cej.\">\n                            <\/a>\n\n                        \n                <\/td>\n            <\/tr>\n        <\/tbody>\n    <\/table>\n\n<\/section>","protected":false},"excerpt":{"rendered":"","protected":false},"author":1,"featured_media":0,"parent":1049,"menu_order":0,"comment_status":"closed","ping_status":"closed","template":"","meta":{"_acf_changed":false,"_monsterinsights_skip_tracking":false,"_monsterinsights_sitenote_active":false,"_monsterinsights_sitenote_note":"","_monsterinsights_sitenote_category":0,"footnotes":""},"class_list":["post-513","page","type-page","status-publish","hentry"],"acf":[],"yoast_head":"<!-- This site is optimized with the Yoast SEO plugin v27.0 - https:\/\/yoast.com\/product\/yoast-seo-wordpress\/ -->\n<title>Wagi do nape\u0142niania Big-Bag - Automatyka Serwis<\/title>\n<meta name=\"robots\" content=\"index, follow, max-snippet:-1, max-image-preview:large, max-video-preview:-1\" \/>\n<link rel=\"canonical\" href=\"https:\/\/automatyka-serwis.com.pl\/pl\/wagi-automatyczne\/wagi-do-napelniania-big-bag\/waga-porcjujaca-big-bag\/\" \/>\n<meta property=\"og:locale\" content=\"pl_PL\" \/>\n<meta property=\"og:type\" content=\"article\" \/>\n<meta property=\"og:title\" content=\"Wagi do nape\u0142niania Big-Bag - Automatyka Serwis\" \/>\n<meta property=\"og:url\" content=\"https:\/\/automatyka-serwis.com.pl\/pl\/wagi-automatyczne\/wagi-do-napelniania-big-bag\/waga-porcjujaca-big-bag\/\" \/>\n<meta property=\"og:site_name\" content=\"Automatyka Serwis\" \/>\n<meta property=\"article:publisher\" content=\"https:\/\/www.facebook.com\/profile.php?id=100054461050574\" \/>\n<meta property=\"article:modified_time\" content=\"2024-04-12T12:39:43+00:00\" \/>\n<meta name=\"twitter:card\" content=\"summary_large_image\" \/>\n<script type=\"application\/ld+json\" class=\"yoast-schema-graph\">{\"@context\":\"https:\/\/schema.org\",\"@graph\":[{\"@type\":\"WebPage\",\"@id\":\"https:\/\/automatyka-serwis.com.pl\/pl\/wagi-automatyczne\/wagi-do-napelniania-big-bag\/waga-porcjujaca-big-bag\/\",\"url\":\"https:\/\/automatyka-serwis.com.pl\/pl\/wagi-automatyczne\/wagi-do-napelniania-big-bag\/waga-porcjujaca-big-bag\/\",\"name\":\"Wagi do nape\u0142niania Big-Bag - Automatyka Serwis\",\"isPartOf\":{\"@id\":\"https:\/\/automatyka-serwis.com.pl\/pl\/#website\"},\"datePublished\":\"2024-03-15T12:14:26+00:00\",\"dateModified\":\"2024-04-12T12:39:43+00:00\",\"breadcrumb\":{\"@id\":\"https:\/\/automatyka-serwis.com.pl\/pl\/wagi-automatyczne\/wagi-do-napelniania-big-bag\/waga-porcjujaca-big-bag\/#breadcrumb\"},\"inLanguage\":\"pl-PL\",\"potentialAction\":[{\"@type\":\"ReadAction\",\"target\":[\"https:\/\/automatyka-serwis.com.pl\/pl\/wagi-automatyczne\/wagi-do-napelniania-big-bag\/waga-porcjujaca-big-bag\/\"]}]},{\"@type\":\"BreadcrumbList\",\"@id\":\"https:\/\/automatyka-serwis.com.pl\/pl\/wagi-automatyczne\/wagi-do-napelniania-big-bag\/waga-porcjujaca-big-bag\/#breadcrumb\",\"itemListElement\":[{\"@type\":\"ListItem\",\"position\":1,\"name\":\"Strona g\u0142\u00f3wna\",\"item\":\"https:\/\/automatyka-serwis.com.pl\/pl\/\"},{\"@type\":\"ListItem\",\"position\":2,\"name\":\"Wagi automatyczne i odwa\u017caj\u0105ce\",\"item\":\"https:\/\/automatyka-serwis.com.pl\/pl\/wagi-automatyczne\/\"},{\"@type\":\"ListItem\",\"position\":3,\"name\":\"Wagi do nape\u0142niania Big-Bag\",\"item\":\"https:\/\/automatyka-serwis.com.pl\/pl\/wagi-automatyczne\/wagi-do-napelniania-big-bag\/\"},{\"@type\":\"ListItem\",\"position\":4,\"name\":\"Wagi do nape\u0142niania Big-Bag\"}]},{\"@type\":\"WebSite\",\"@id\":\"https:\/\/automatyka-serwis.com.pl\/pl\/#website\",\"url\":\"https:\/\/automatyka-serwis.com.pl\/pl\/\",\"name\":\"Automatyka Serwis\",\"description\":\"\",\"publisher\":{\"@id\":\"https:\/\/automatyka-serwis.com.pl\/pl\/#organization\"},\"potentialAction\":[{\"@type\":\"SearchAction\",\"target\":{\"@type\":\"EntryPoint\",\"urlTemplate\":\"https:\/\/automatyka-serwis.com.pl\/pl\/?s={search_term_string}\"},\"query-input\":{\"@type\":\"PropertyValueSpecification\",\"valueRequired\":true,\"valueName\":\"search_term_string\"}}],\"inLanguage\":\"pl-PL\"},{\"@type\":\"Organization\",\"@id\":\"https:\/\/automatyka-serwis.com.pl\/pl\/#organization\",\"name\":\"Automatyka Serwis Automatyka Serwis Sp. z o.o. Sp.k.\",\"url\":\"https:\/\/automatyka-serwis.com.pl\/pl\/\",\"logo\":{\"@type\":\"ImageObject\",\"inLanguage\":\"pl-PL\",\"@id\":\"https:\/\/automatyka-serwis.com.pl\/pl\/#\/schema\/logo\/image\/\",\"url\":\"https:\/\/automatyka-serwis.com.pl\/wp-content\/uploads\/2024\/07\/Logo-2017.png\",\"contentUrl\":\"https:\/\/automatyka-serwis.com.pl\/wp-content\/uploads\/2024\/07\/Logo-2017.png\",\"width\":173,\"height\":40,\"caption\":\"Automatyka Serwis Automatyka Serwis Sp. z o.o. Sp.k.\"},\"image\":{\"@id\":\"https:\/\/automatyka-serwis.com.pl\/pl\/#\/schema\/logo\/image\/\"},\"sameAs\":[\"https:\/\/www.facebook.com\/profile.php?id=100054461050574\"]}]}<\/script>\n<!-- \/ Yoast SEO plugin. -->","yoast_head_json":{"title":"Wagi do nape\u0142niania Big-Bag - Automatyka Serwis","robots":{"index":"index","follow":"follow","max-snippet":"max-snippet:-1","max-image-preview":"max-image-preview:large","max-video-preview":"max-video-preview:-1"},"canonical":"https:\/\/automatyka-serwis.com.pl\/pl\/wagi-automatyczne\/wagi-do-napelniania-big-bag\/waga-porcjujaca-big-bag\/","og_locale":"pl_PL","og_type":"article","og_title":"Wagi do nape\u0142niania Big-Bag - Automatyka Serwis","og_url":"https:\/\/automatyka-serwis.com.pl\/pl\/wagi-automatyczne\/wagi-do-napelniania-big-bag\/waga-porcjujaca-big-bag\/","og_site_name":"Automatyka Serwis","article_publisher":"https:\/\/www.facebook.com\/profile.php?id=100054461050574","article_modified_time":"2024-04-12T12:39:43+00:00","twitter_card":"summary_large_image","schema":{"@context":"https:\/\/schema.org","@graph":[{"@type":"WebPage","@id":"https:\/\/automatyka-serwis.com.pl\/pl\/wagi-automatyczne\/wagi-do-napelniania-big-bag\/waga-porcjujaca-big-bag\/","url":"https:\/\/automatyka-serwis.com.pl\/pl\/wagi-automatyczne\/wagi-do-napelniania-big-bag\/waga-porcjujaca-big-bag\/","name":"Wagi do nape\u0142niania Big-Bag - Automatyka Serwis","isPartOf":{"@id":"https:\/\/automatyka-serwis.com.pl\/pl\/#website"},"datePublished":"2024-03-15T12:14:26+00:00","dateModified":"2024-04-12T12:39:43+00:00","breadcrumb":{"@id":"https:\/\/automatyka-serwis.com.pl\/pl\/wagi-automatyczne\/wagi-do-napelniania-big-bag\/waga-porcjujaca-big-bag\/#breadcrumb"},"inLanguage":"pl-PL","potentialAction":[{"@type":"ReadAction","target":["https:\/\/automatyka-serwis.com.pl\/pl\/wagi-automatyczne\/wagi-do-napelniania-big-bag\/waga-porcjujaca-big-bag\/"]}]},{"@type":"BreadcrumbList","@id":"https:\/\/automatyka-serwis.com.pl\/pl\/wagi-automatyczne\/wagi-do-napelniania-big-bag\/waga-porcjujaca-big-bag\/#breadcrumb","itemListElement":[{"@type":"ListItem","position":1,"name":"Strona g\u0142\u00f3wna","item":"https:\/\/automatyka-serwis.com.pl\/pl\/"},{"@type":"ListItem","position":2,"name":"Wagi automatyczne i odwa\u017caj\u0105ce","item":"https:\/\/automatyka-serwis.com.pl\/pl\/wagi-automatyczne\/"},{"@type":"ListItem","position":3,"name":"Wagi do nape\u0142niania Big-Bag","item":"https:\/\/automatyka-serwis.com.pl\/pl\/wagi-automatyczne\/wagi-do-napelniania-big-bag\/"},{"@type":"ListItem","position":4,"name":"Wagi do nape\u0142niania Big-Bag"}]},{"@type":"WebSite","@id":"https:\/\/automatyka-serwis.com.pl\/pl\/#website","url":"https:\/\/automatyka-serwis.com.pl\/pl\/","name":"Automatyka Serwis","description":"","publisher":{"@id":"https:\/\/automatyka-serwis.com.pl\/pl\/#organization"},"potentialAction":[{"@type":"SearchAction","target":{"@type":"EntryPoint","urlTemplate":"https:\/\/automatyka-serwis.com.pl\/pl\/?s={search_term_string}"},"query-input":{"@type":"PropertyValueSpecification","valueRequired":true,"valueName":"search_term_string"}}],"inLanguage":"pl-PL"},{"@type":"Organization","@id":"https:\/\/automatyka-serwis.com.pl\/pl\/#organization","name":"Automatyka Serwis Automatyka Serwis Sp. z o.o. Sp.k.","url":"https:\/\/automatyka-serwis.com.pl\/pl\/","logo":{"@type":"ImageObject","inLanguage":"pl-PL","@id":"https:\/\/automatyka-serwis.com.pl\/pl\/#\/schema\/logo\/image\/","url":"https:\/\/automatyka-serwis.com.pl\/wp-content\/uploads\/2024\/07\/Logo-2017.png","contentUrl":"https:\/\/automatyka-serwis.com.pl\/wp-content\/uploads\/2024\/07\/Logo-2017.png","width":173,"height":40,"caption":"Automatyka Serwis Automatyka Serwis Sp. z o.o. Sp.k."},"image":{"@id":"https:\/\/automatyka-serwis.com.pl\/pl\/#\/schema\/logo\/image\/"},"sameAs":["https:\/\/www.facebook.com\/profile.php?id=100054461050574"]}]}},"_links":{"self":[{"href":"https:\/\/automatyka-serwis.com.pl\/pl\/wp-json\/wp\/v2\/pages\/513","targetHints":{"allow":["GET"]}}],"collection":[{"href":"https:\/\/automatyka-serwis.com.pl\/pl\/wp-json\/wp\/v2\/pages"}],"about":[{"href":"https:\/\/automatyka-serwis.com.pl\/pl\/wp-json\/wp\/v2\/types\/page"}],"author":[{"embeddable":true,"href":"https:\/\/automatyka-serwis.com.pl\/pl\/wp-json\/wp\/v2\/users\/1"}],"replies":[{"embeddable":true,"href":"https:\/\/automatyka-serwis.com.pl\/pl\/wp-json\/wp\/v2\/comments?post=513"}],"version-history":[{"count":7,"href":"https:\/\/automatyka-serwis.com.pl\/pl\/wp-json\/wp\/v2\/pages\/513\/revisions"}],"predecessor-version":[{"id":784,"href":"https:\/\/automatyka-serwis.com.pl\/pl\/wp-json\/wp\/v2\/pages\/513\/revisions\/784"}],"up":[{"embeddable":true,"href":"https:\/\/automatyka-serwis.com.pl\/pl\/wp-json\/wp\/v2\/pages\/1049"}],"wp:attachment":[{"href":"https:\/\/automatyka-serwis.com.pl\/pl\/wp-json\/wp\/v2\/media?parent=513"}],"curies":[{"name":"wp","href":"https:\/\/api.w.org\/{rel}","templated":true}]}}