{"id":509,"date":"2024-03-15T13:13:44","date_gmt":"2024-03-15T12:13:44","guid":{"rendered":"https:\/\/automatyka-serwis.com.pl\/?page_id=509"},"modified":"2024-04-03T14:43:45","modified_gmt":"2024-04-03T12:43:45","slug":"wagi-przeplywowe","status":"publish","type":"page","link":"https:\/\/automatyka-serwis.com.pl\/pl\/wagi-automatyczne\/wagi-przeplywowe\/","title":{"rendered":"Wagi przep\u0142ywowe"},"content":{"rendered":"\n<section class=\"tabela-text-block\">\n\n\n    <table class=\"two-columns\">\n        <tbody>\n            <tr>\n                <td class=\"no-margin-left col-xs-12 col-ms-12 col-sm-8 col-md-8 col-lg-8\">\n                    <p><strong><span class=\"blues\">Wagi przep\u0142ywowe<\/span><\/strong>\u00a0s\u0142u\u017c\u0105 do ci\u0105g\u0142ego pomiaru przep\u0142ywu i masy materia\u0142u. Urz\u0105dzenie to charakteryzuje si\u0119 wysok\u0105 odporno\u015bci\u0105 na substancje \u017cr\u0105ce oraz \u015bcierne. Budowa wagi pozwala na transport materia\u0142u o temperaturze do 232\u00b0C. Wagi przep\u0142ywowe znajduj\u0105 zastosowanie m. in. w transporcie wewn\u0119trznym, kontroli procedur oraz roz\u0142adunkach gotowego produktu.<\/p>\n<p><span class=\"blues\"><img decoding=\"async\" src=\"https:\/\/automatyka-serwis.com.pl\/wp-content\/themes\/wordpress-starter-template\/assets\/icons\/check.png\" alt=\"checkmark\" \/><\/span>Wagi tego typu s\u0105 najcz\u0119\u015bciej stosowane w bran\u017cach chemicznych, spo\u017cywczych i produkcyjnych do pomiaru przep\u0142ywu takich materia\u0142\u00f3w jak kruszywa, cement, chemikalia, granulaty, m\u0105ki i wiele innych.<\/p>\n<p><span class=\"blues\"><img decoding=\"async\" src=\"https:\/\/automatyka-serwis.com.pl\/wp-content\/themes\/wordpress-starter-template\/assets\/icons\/check.png\" alt=\"checkmark\" \/><\/span><span class=\"blues\">Dok\u0142adno\u015b\u0107: \u00b1 1%<\/span>\u00a0(od 33 do 100% zakresu)<br \/>\n<span class=\"blues\">Wydajno\u015b\u0107: do 900 t\/h<\/span><\/p>\n                <\/td>\n                <td class=\"no-margin-right col-xs-12 col-ms-12 col-sm-4 col-md-4 col-lg-4\">\n\n                    \n\n                            <a title=\"Waga przep\u0142ywowa\" href=\"https:\/\/automatyka-serwis.com.pl\/wp-content\/uploads\/2024\/03\/waga-przeplywowa.jpg\" class=\"foobox\">\n                                <img decoding=\"async\" src=\"https:\/\/automatyka-serwis.com.pl\/wp-content\/uploads\/2024\/03\/waga-przeplywowa.jpg\" alt=\"Waga przep\u0142ywowa\">\n                            <\/a>\n\n                        \n                <\/td>\n            <\/tr>\n        <\/tbody>\n    <\/table>\n\n<\/section>","protected":false},"excerpt":{"rendered":"","protected":false},"author":1,"featured_media":0,"parent":198,"menu_order":0,"comment_status":"closed","ping_status":"closed","template":"","meta":{"_acf_changed":false,"_monsterinsights_skip_tracking":false,"_monsterinsights_sitenote_active":false,"_monsterinsights_sitenote_note":"","_monsterinsights_sitenote_category":0,"footnotes":""},"class_list":["post-509","page","type-page","status-publish","hentry"],"acf":[],"yoast_head":"<!-- This site is optimized with the Yoast SEO plugin v27.0 - https:\/\/yoast.com\/product\/yoast-seo-wordpress\/ -->\n<title>Wagi przep\u0142ywowe - Automatyka Serwis<\/title>\n<meta name=\"robots\" content=\"index, follow, max-snippet:-1, max-image-preview:large, max-video-preview:-1\" \/>\n<link rel=\"canonical\" href=\"https:\/\/automatyka-serwis.com.pl\/pl\/wagi-automatyczne\/wagi-przeplywowe\/\" \/>\n<meta property=\"og:locale\" content=\"pl_PL\" \/>\n<meta property=\"og:type\" content=\"article\" \/>\n<meta property=\"og:title\" content=\"Wagi przep\u0142ywowe - Automatyka Serwis\" \/>\n<meta property=\"og:url\" content=\"https:\/\/automatyka-serwis.com.pl\/pl\/wagi-automatyczne\/wagi-przeplywowe\/\" \/>\n<meta property=\"og:site_name\" content=\"Automatyka Serwis\" \/>\n<meta property=\"article:publisher\" content=\"https:\/\/www.facebook.com\/profile.php?id=100054461050574\" \/>\n<meta property=\"article:modified_time\" content=\"2024-04-03T12:43:45+00:00\" \/>\n<meta name=\"twitter:card\" content=\"summary_large_image\" \/>\n<script type=\"application\/ld+json\" class=\"yoast-schema-graph\">{\"@context\":\"https:\/\/schema.org\",\"@graph\":[{\"@type\":\"WebPage\",\"@id\":\"https:\/\/automatyka-serwis.com.pl\/pl\/wagi-automatyczne\/wagi-przeplywowe\/\",\"url\":\"https:\/\/automatyka-serwis.com.pl\/pl\/wagi-automatyczne\/wagi-przeplywowe\/\",\"name\":\"Wagi przep\u0142ywowe - Automatyka Serwis\",\"isPartOf\":{\"@id\":\"https:\/\/automatyka-serwis.com.pl\/pl\/#website\"},\"datePublished\":\"2024-03-15T12:13:44+00:00\",\"dateModified\":\"2024-04-03T12:43:45+00:00\",\"breadcrumb\":{\"@id\":\"https:\/\/automatyka-serwis.com.pl\/pl\/wagi-automatyczne\/wagi-przeplywowe\/#breadcrumb\"},\"inLanguage\":\"pl-PL\",\"potentialAction\":[{\"@type\":\"ReadAction\",\"target\":[\"https:\/\/automatyka-serwis.com.pl\/pl\/wagi-automatyczne\/wagi-przeplywowe\/\"]}]},{\"@type\":\"BreadcrumbList\",\"@id\":\"https:\/\/automatyka-serwis.com.pl\/pl\/wagi-automatyczne\/wagi-przeplywowe\/#breadcrumb\",\"itemListElement\":[{\"@type\":\"ListItem\",\"position\":1,\"name\":\"Strona g\u0142\u00f3wna\",\"item\":\"https:\/\/automatyka-serwis.com.pl\/pl\/\"},{\"@type\":\"ListItem\",\"position\":2,\"name\":\"Wagi automatyczne i odwa\u017caj\u0105ce\",\"item\":\"https:\/\/automatyka-serwis.com.pl\/pl\/wagi-automatyczne\/\"},{\"@type\":\"ListItem\",\"position\":3,\"name\":\"Wagi przep\u0142ywowe\"}]},{\"@type\":\"WebSite\",\"@id\":\"https:\/\/automatyka-serwis.com.pl\/pl\/#website\",\"url\":\"https:\/\/automatyka-serwis.com.pl\/pl\/\",\"name\":\"Automatyka Serwis\",\"description\":\"\",\"publisher\":{\"@id\":\"https:\/\/automatyka-serwis.com.pl\/pl\/#organization\"},\"potentialAction\":[{\"@type\":\"SearchAction\",\"target\":{\"@type\":\"EntryPoint\",\"urlTemplate\":\"https:\/\/automatyka-serwis.com.pl\/pl\/?s={search_term_string}\"},\"query-input\":{\"@type\":\"PropertyValueSpecification\",\"valueRequired\":true,\"valueName\":\"search_term_string\"}}],\"inLanguage\":\"pl-PL\"},{\"@type\":\"Organization\",\"@id\":\"https:\/\/automatyka-serwis.com.pl\/pl\/#organization\",\"name\":\"Automatyka Serwis Automatyka Serwis Sp. z o.o. Sp.k.\",\"url\":\"https:\/\/automatyka-serwis.com.pl\/pl\/\",\"logo\":{\"@type\":\"ImageObject\",\"inLanguage\":\"pl-PL\",\"@id\":\"https:\/\/automatyka-serwis.com.pl\/pl\/#\/schema\/logo\/image\/\",\"url\":\"https:\/\/automatyka-serwis.com.pl\/wp-content\/uploads\/2024\/07\/Logo-2017.png\",\"contentUrl\":\"https:\/\/automatyka-serwis.com.pl\/wp-content\/uploads\/2024\/07\/Logo-2017.png\",\"width\":173,\"height\":40,\"caption\":\"Automatyka Serwis Automatyka Serwis Sp. z o.o. Sp.k.\"},\"image\":{\"@id\":\"https:\/\/automatyka-serwis.com.pl\/pl\/#\/schema\/logo\/image\/\"},\"sameAs\":[\"https:\/\/www.facebook.com\/profile.php?id=100054461050574\"]}]}<\/script>\n<!-- \/ Yoast SEO plugin. -->","yoast_head_json":{"title":"Wagi przep\u0142ywowe - Automatyka Serwis","robots":{"index":"index","follow":"follow","max-snippet":"max-snippet:-1","max-image-preview":"max-image-preview:large","max-video-preview":"max-video-preview:-1"},"canonical":"https:\/\/automatyka-serwis.com.pl\/pl\/wagi-automatyczne\/wagi-przeplywowe\/","og_locale":"pl_PL","og_type":"article","og_title":"Wagi przep\u0142ywowe - Automatyka Serwis","og_url":"https:\/\/automatyka-serwis.com.pl\/pl\/wagi-automatyczne\/wagi-przeplywowe\/","og_site_name":"Automatyka Serwis","article_publisher":"https:\/\/www.facebook.com\/profile.php?id=100054461050574","article_modified_time":"2024-04-03T12:43:45+00:00","twitter_card":"summary_large_image","schema":{"@context":"https:\/\/schema.org","@graph":[{"@type":"WebPage","@id":"https:\/\/automatyka-serwis.com.pl\/pl\/wagi-automatyczne\/wagi-przeplywowe\/","url":"https:\/\/automatyka-serwis.com.pl\/pl\/wagi-automatyczne\/wagi-przeplywowe\/","name":"Wagi przep\u0142ywowe - Automatyka Serwis","isPartOf":{"@id":"https:\/\/automatyka-serwis.com.pl\/pl\/#website"},"datePublished":"2024-03-15T12:13:44+00:00","dateModified":"2024-04-03T12:43:45+00:00","breadcrumb":{"@id":"https:\/\/automatyka-serwis.com.pl\/pl\/wagi-automatyczne\/wagi-przeplywowe\/#breadcrumb"},"inLanguage":"pl-PL","potentialAction":[{"@type":"ReadAction","target":["https:\/\/automatyka-serwis.com.pl\/pl\/wagi-automatyczne\/wagi-przeplywowe\/"]}]},{"@type":"BreadcrumbList","@id":"https:\/\/automatyka-serwis.com.pl\/pl\/wagi-automatyczne\/wagi-przeplywowe\/#breadcrumb","itemListElement":[{"@type":"ListItem","position":1,"name":"Strona g\u0142\u00f3wna","item":"https:\/\/automatyka-serwis.com.pl\/pl\/"},{"@type":"ListItem","position":2,"name":"Wagi automatyczne i odwa\u017caj\u0105ce","item":"https:\/\/automatyka-serwis.com.pl\/pl\/wagi-automatyczne\/"},{"@type":"ListItem","position":3,"name":"Wagi przep\u0142ywowe"}]},{"@type":"WebSite","@id":"https:\/\/automatyka-serwis.com.pl\/pl\/#website","url":"https:\/\/automatyka-serwis.com.pl\/pl\/","name":"Automatyka Serwis","description":"","publisher":{"@id":"https:\/\/automatyka-serwis.com.pl\/pl\/#organization"},"potentialAction":[{"@type":"SearchAction","target":{"@type":"EntryPoint","urlTemplate":"https:\/\/automatyka-serwis.com.pl\/pl\/?s={search_term_string}"},"query-input":{"@type":"PropertyValueSpecification","valueRequired":true,"valueName":"search_term_string"}}],"inLanguage":"pl-PL"},{"@type":"Organization","@id":"https:\/\/automatyka-serwis.com.pl\/pl\/#organization","name":"Automatyka Serwis Automatyka Serwis Sp. z o.o. Sp.k.","url":"https:\/\/automatyka-serwis.com.pl\/pl\/","logo":{"@type":"ImageObject","inLanguage":"pl-PL","@id":"https:\/\/automatyka-serwis.com.pl\/pl\/#\/schema\/logo\/image\/","url":"https:\/\/automatyka-serwis.com.pl\/wp-content\/uploads\/2024\/07\/Logo-2017.png","contentUrl":"https:\/\/automatyka-serwis.com.pl\/wp-content\/uploads\/2024\/07\/Logo-2017.png","width":173,"height":40,"caption":"Automatyka Serwis Automatyka Serwis Sp. z o.o. Sp.k."},"image":{"@id":"https:\/\/automatyka-serwis.com.pl\/pl\/#\/schema\/logo\/image\/"},"sameAs":["https:\/\/www.facebook.com\/profile.php?id=100054461050574"]}]}},"_links":{"self":[{"href":"https:\/\/automatyka-serwis.com.pl\/pl\/wp-json\/wp\/v2\/pages\/509","targetHints":{"allow":["GET"]}}],"collection":[{"href":"https:\/\/automatyka-serwis.com.pl\/pl\/wp-json\/wp\/v2\/pages"}],"about":[{"href":"https:\/\/automatyka-serwis.com.pl\/pl\/wp-json\/wp\/v2\/types\/page"}],"author":[{"embeddable":true,"href":"https:\/\/automatyka-serwis.com.pl\/pl\/wp-json\/wp\/v2\/users\/1"}],"replies":[{"embeddable":true,"href":"https:\/\/automatyka-serwis.com.pl\/pl\/wp-json\/wp\/v2\/comments?post=509"}],"version-history":[{"count":2,"href":"https:\/\/automatyka-serwis.com.pl\/pl\/wp-json\/wp\/v2\/pages\/509\/revisions"}],"predecessor-version":[{"id":1014,"href":"https:\/\/automatyka-serwis.com.pl\/pl\/wp-json\/wp\/v2\/pages\/509\/revisions\/1014"}],"up":[{"embeddable":true,"href":"https:\/\/automatyka-serwis.com.pl\/pl\/wp-json\/wp\/v2\/pages\/198"}],"wp:attachment":[{"href":"https:\/\/automatyka-serwis.com.pl\/pl\/wp-json\/wp\/v2\/media?parent=509"}],"curies":[{"name":"wp","href":"https:\/\/api.w.org\/{rel}","templated":true}]}}