{"id":505,"date":"2024-03-15T13:11:27","date_gmt":"2024-03-15T12:11:27","guid":{"rendered":"https:\/\/automatyka-serwis.com.pl\/?page_id=505"},"modified":"2024-04-11T09:46:35","modified_gmt":"2024-04-11T07:46:35","slug":"wagi-tasmociagowe","status":"publish","type":"page","link":"https:\/\/automatyka-serwis.com.pl\/pl\/wagi-automatyczne\/wagi-tasmociagowe\/","title":{"rendered":"Wagi ta\u015bmoci\u0105gowe"},"content":{"rendered":"\n<section class=\"tabela-text-block\">\n\n\n    <table class=\"two-columns\">\n        <tbody>\n            <tr>\n                <td class=\"no-margin-left col-xs-12 col-ms-12 col-sm-8 col-md-8 col-lg-8\">\n                    <p><span class=\"blues\">Wagi ta\u015bmoci\u0105gowe<\/span>, przeznaczone do wa\u017cenia towar\u00f3w masowych, to optymalne rozwi\u0105zanie dla wielu sektor\u00f3w przemys\u0142u.<br \/>\nSprawdzaj\u0105 si\u0119 w fabrykach, zak\u0142adach przetw\u00f3rczych, magazynach i pakowalniach, stosuj\u0105cych przeno\u015bniki ta\u015bmowe.<\/p>\n<p><span class=\"blues\"><img decoding=\"async\" src=\"https:\/\/automatyka-serwis.com.pl\/wp-content\/themes\/wordpress-starter-template\/assets\/icons\/check.png\" alt=\"checkmark\" \/><\/span>Gwarantuj\u0105 du\u017c\u0105 wydajno\u015b\u0107, jednocze\u015bnie gwarantuj\u0105c odpowiedni\u0105 precyzj\u0119 pomiaru ci\u0119\u017caru. W naszym katalogu znajduj\u0105 si\u0119 urz\u0105dzenia o\u00a0<span class=\"blues\">wydajno\u015bci a\u017c do 12 000 t\/h , przy dok\u0142adno\u015bci rz\u0119du 0,125-0,5 %.<\/span><\/p>\n<p><span class=\"blues\"><img decoding=\"async\" src=\"https:\/\/automatyka-serwis.com.pl\/wp-content\/themes\/wordpress-starter-template\/assets\/icons\/check.png\" alt=\"checkmark\" \/><\/span>Wagi ta\u015bmoci\u0105gowe z naszej oferty spe\u0142niaj\u0105 wszystkie wymagane prawem normy oraz posiadaj\u0105 certyfikaty dopuszczaj\u0105ce je do u\u017cytku: m.in. CE, C-TIK, GOST, NTEP, OIML, MID, ATEX, IECEx, CSA, FM, CMC<\/p>\n<p><span class=\"blues\"><img decoding=\"async\" src=\"https:\/\/automatyka-serwis.com.pl\/wp-content\/themes\/wordpress-starter-template\/assets\/icons\/check.png\" alt=\"checkmark\" \/><\/span>Istotnym atutem jest to, \u017ce wagi mog\u0105 by\u0107 u\u017cywane z przeno\u015bnikami ta\u015bmowymi o praktycznie dowolnej szeroko\u015bci i mog\u0105 pracowa\u0107 r\u00f3wnie\u017c w bardzo trudnych warunkach \u015brodowiskowych.<br \/>\n<strong>Istnieje mo\u017cliwo\u015b\u0107 monta\u017cu wagi w istniej\u0105cym systemie przeno\u015bnikowym, jak i dostawa kompletnego rozwi\u0105zania, tj. wagi wraz z ca\u0142ym ta\u015bmoci\u0105giem.<\/strong><\/p>\n                <\/td>\n                <td class=\"no-margin-right col-xs-12 col-ms-12 col-sm-4 col-md-4 col-lg-4\">\n\n                    \n\n                            <a title=\"Kalibracja wagi ta\u015bmoci\u0105gowej\" href=\"https:\/\/automatyka-serwis.com.pl\/wp-content\/uploads\/2024\/03\/waga-tasmociagowa-2-1.jpg\" class=\"foobox\">\n                                <img decoding=\"async\" src=\"https:\/\/automatyka-serwis.com.pl\/wp-content\/uploads\/2024\/03\/waga-tasmociagowa-2-1.jpg\" alt=\"Kalibracja wagi ta\u015bmoci\u0105gowej\">\n                            <\/a>\n\n                        \n                <\/td>\n            <\/tr>\n        <\/tbody>\n    <\/table>\n\n<\/section>","protected":false},"excerpt":{"rendered":"","protected":false},"author":1,"featured_media":0,"parent":198,"menu_order":0,"comment_status":"closed","ping_status":"closed","template":"","meta":{"_acf_changed":false,"_monsterinsights_skip_tracking":false,"_monsterinsights_sitenote_active":false,"_monsterinsights_sitenote_note":"","_monsterinsights_sitenote_category":0,"footnotes":""},"class_list":["post-505","page","type-page","status-publish","hentry"],"acf":[],"yoast_head":"<!-- This site is optimized with the Yoast SEO plugin v27.0 - https:\/\/yoast.com\/product\/yoast-seo-wordpress\/ -->\n<title>Wagi ta\u015bmoci\u0105gowe - Automatyka Serwis<\/title>\n<meta name=\"robots\" content=\"index, follow, max-snippet:-1, max-image-preview:large, max-video-preview:-1\" \/>\n<link rel=\"canonical\" href=\"https:\/\/automatyka-serwis.com.pl\/pl\/wagi-automatyczne\/wagi-tasmociagowe\/\" \/>\n<meta property=\"og:locale\" content=\"pl_PL\" \/>\n<meta property=\"og:type\" content=\"article\" \/>\n<meta property=\"og:title\" content=\"Wagi ta\u015bmoci\u0105gowe - Automatyka Serwis\" \/>\n<meta property=\"og:url\" content=\"https:\/\/automatyka-serwis.com.pl\/pl\/wagi-automatyczne\/wagi-tasmociagowe\/\" \/>\n<meta property=\"og:site_name\" content=\"Automatyka Serwis\" \/>\n<meta property=\"article:publisher\" content=\"https:\/\/www.facebook.com\/profile.php?id=100054461050574\" \/>\n<meta property=\"article:modified_time\" content=\"2024-04-11T07:46:35+00:00\" \/>\n<meta name=\"twitter:card\" content=\"summary_large_image\" \/>\n<script type=\"application\/ld+json\" class=\"yoast-schema-graph\">{\"@context\":\"https:\/\/schema.org\",\"@graph\":[{\"@type\":\"WebPage\",\"@id\":\"https:\/\/automatyka-serwis.com.pl\/pl\/wagi-automatyczne\/wagi-tasmociagowe\/\",\"url\":\"https:\/\/automatyka-serwis.com.pl\/pl\/wagi-automatyczne\/wagi-tasmociagowe\/\",\"name\":\"Wagi ta\u015bmoci\u0105gowe - Automatyka Serwis\",\"isPartOf\":{\"@id\":\"https:\/\/automatyka-serwis.com.pl\/pl\/#website\"},\"datePublished\":\"2024-03-15T12:11:27+00:00\",\"dateModified\":\"2024-04-11T07:46:35+00:00\",\"breadcrumb\":{\"@id\":\"https:\/\/automatyka-serwis.com.pl\/pl\/wagi-automatyczne\/wagi-tasmociagowe\/#breadcrumb\"},\"inLanguage\":\"pl-PL\",\"potentialAction\":[{\"@type\":\"ReadAction\",\"target\":[\"https:\/\/automatyka-serwis.com.pl\/pl\/wagi-automatyczne\/wagi-tasmociagowe\/\"]}]},{\"@type\":\"BreadcrumbList\",\"@id\":\"https:\/\/automatyka-serwis.com.pl\/pl\/wagi-automatyczne\/wagi-tasmociagowe\/#breadcrumb\",\"itemListElement\":[{\"@type\":\"ListItem\",\"position\":1,\"name\":\"Strona g\u0142\u00f3wna\",\"item\":\"https:\/\/automatyka-serwis.com.pl\/pl\/\"},{\"@type\":\"ListItem\",\"position\":2,\"name\":\"Wagi automatyczne i odwa\u017caj\u0105ce\",\"item\":\"https:\/\/automatyka-serwis.com.pl\/pl\/wagi-automatyczne\/\"},{\"@type\":\"ListItem\",\"position\":3,\"name\":\"Wagi ta\u015bmoci\u0105gowe\"}]},{\"@type\":\"WebSite\",\"@id\":\"https:\/\/automatyka-serwis.com.pl\/pl\/#website\",\"url\":\"https:\/\/automatyka-serwis.com.pl\/pl\/\",\"name\":\"Automatyka Serwis\",\"description\":\"\",\"publisher\":{\"@id\":\"https:\/\/automatyka-serwis.com.pl\/pl\/#organization\"},\"potentialAction\":[{\"@type\":\"SearchAction\",\"target\":{\"@type\":\"EntryPoint\",\"urlTemplate\":\"https:\/\/automatyka-serwis.com.pl\/pl\/?s={search_term_string}\"},\"query-input\":{\"@type\":\"PropertyValueSpecification\",\"valueRequired\":true,\"valueName\":\"search_term_string\"}}],\"inLanguage\":\"pl-PL\"},{\"@type\":\"Organization\",\"@id\":\"https:\/\/automatyka-serwis.com.pl\/pl\/#organization\",\"name\":\"Automatyka Serwis Automatyka Serwis Sp. z o.o. Sp.k.\",\"url\":\"https:\/\/automatyka-serwis.com.pl\/pl\/\",\"logo\":{\"@type\":\"ImageObject\",\"inLanguage\":\"pl-PL\",\"@id\":\"https:\/\/automatyka-serwis.com.pl\/pl\/#\/schema\/logo\/image\/\",\"url\":\"https:\/\/automatyka-serwis.com.pl\/wp-content\/uploads\/2024\/07\/Logo-2017.png\",\"contentUrl\":\"https:\/\/automatyka-serwis.com.pl\/wp-content\/uploads\/2024\/07\/Logo-2017.png\",\"width\":173,\"height\":40,\"caption\":\"Automatyka Serwis Automatyka Serwis Sp. z o.o. Sp.k.\"},\"image\":{\"@id\":\"https:\/\/automatyka-serwis.com.pl\/pl\/#\/schema\/logo\/image\/\"},\"sameAs\":[\"https:\/\/www.facebook.com\/profile.php?id=100054461050574\"]}]}<\/script>\n<!-- \/ Yoast SEO plugin. -->","yoast_head_json":{"title":"Wagi ta\u015bmoci\u0105gowe - Automatyka Serwis","robots":{"index":"index","follow":"follow","max-snippet":"max-snippet:-1","max-image-preview":"max-image-preview:large","max-video-preview":"max-video-preview:-1"},"canonical":"https:\/\/automatyka-serwis.com.pl\/pl\/wagi-automatyczne\/wagi-tasmociagowe\/","og_locale":"pl_PL","og_type":"article","og_title":"Wagi ta\u015bmoci\u0105gowe - Automatyka Serwis","og_url":"https:\/\/automatyka-serwis.com.pl\/pl\/wagi-automatyczne\/wagi-tasmociagowe\/","og_site_name":"Automatyka Serwis","article_publisher":"https:\/\/www.facebook.com\/profile.php?id=100054461050574","article_modified_time":"2024-04-11T07:46:35+00:00","twitter_card":"summary_large_image","schema":{"@context":"https:\/\/schema.org","@graph":[{"@type":"WebPage","@id":"https:\/\/automatyka-serwis.com.pl\/pl\/wagi-automatyczne\/wagi-tasmociagowe\/","url":"https:\/\/automatyka-serwis.com.pl\/pl\/wagi-automatyczne\/wagi-tasmociagowe\/","name":"Wagi ta\u015bmoci\u0105gowe - Automatyka Serwis","isPartOf":{"@id":"https:\/\/automatyka-serwis.com.pl\/pl\/#website"},"datePublished":"2024-03-15T12:11:27+00:00","dateModified":"2024-04-11T07:46:35+00:00","breadcrumb":{"@id":"https:\/\/automatyka-serwis.com.pl\/pl\/wagi-automatyczne\/wagi-tasmociagowe\/#breadcrumb"},"inLanguage":"pl-PL","potentialAction":[{"@type":"ReadAction","target":["https:\/\/automatyka-serwis.com.pl\/pl\/wagi-automatyczne\/wagi-tasmociagowe\/"]}]},{"@type":"BreadcrumbList","@id":"https:\/\/automatyka-serwis.com.pl\/pl\/wagi-automatyczne\/wagi-tasmociagowe\/#breadcrumb","itemListElement":[{"@type":"ListItem","position":1,"name":"Strona g\u0142\u00f3wna","item":"https:\/\/automatyka-serwis.com.pl\/pl\/"},{"@type":"ListItem","position":2,"name":"Wagi automatyczne i odwa\u017caj\u0105ce","item":"https:\/\/automatyka-serwis.com.pl\/pl\/wagi-automatyczne\/"},{"@type":"ListItem","position":3,"name":"Wagi ta\u015bmoci\u0105gowe"}]},{"@type":"WebSite","@id":"https:\/\/automatyka-serwis.com.pl\/pl\/#website","url":"https:\/\/automatyka-serwis.com.pl\/pl\/","name":"Automatyka Serwis","description":"","publisher":{"@id":"https:\/\/automatyka-serwis.com.pl\/pl\/#organization"},"potentialAction":[{"@type":"SearchAction","target":{"@type":"EntryPoint","urlTemplate":"https:\/\/automatyka-serwis.com.pl\/pl\/?s={search_term_string}"},"query-input":{"@type":"PropertyValueSpecification","valueRequired":true,"valueName":"search_term_string"}}],"inLanguage":"pl-PL"},{"@type":"Organization","@id":"https:\/\/automatyka-serwis.com.pl\/pl\/#organization","name":"Automatyka Serwis Automatyka Serwis Sp. z o.o. Sp.k.","url":"https:\/\/automatyka-serwis.com.pl\/pl\/","logo":{"@type":"ImageObject","inLanguage":"pl-PL","@id":"https:\/\/automatyka-serwis.com.pl\/pl\/#\/schema\/logo\/image\/","url":"https:\/\/automatyka-serwis.com.pl\/wp-content\/uploads\/2024\/07\/Logo-2017.png","contentUrl":"https:\/\/automatyka-serwis.com.pl\/wp-content\/uploads\/2024\/07\/Logo-2017.png","width":173,"height":40,"caption":"Automatyka Serwis Automatyka Serwis Sp. z o.o. Sp.k."},"image":{"@id":"https:\/\/automatyka-serwis.com.pl\/pl\/#\/schema\/logo\/image\/"},"sameAs":["https:\/\/www.facebook.com\/profile.php?id=100054461050574"]}]}},"_links":{"self":[{"href":"https:\/\/automatyka-serwis.com.pl\/pl\/wp-json\/wp\/v2\/pages\/505","targetHints":{"allow":["GET"]}}],"collection":[{"href":"https:\/\/automatyka-serwis.com.pl\/pl\/wp-json\/wp\/v2\/pages"}],"about":[{"href":"https:\/\/automatyka-serwis.com.pl\/pl\/wp-json\/wp\/v2\/types\/page"}],"author":[{"embeddable":true,"href":"https:\/\/automatyka-serwis.com.pl\/pl\/wp-json\/wp\/v2\/users\/1"}],"replies":[{"embeddable":true,"href":"https:\/\/automatyka-serwis.com.pl\/pl\/wp-json\/wp\/v2\/comments?post=505"}],"version-history":[{"count":4,"href":"https:\/\/automatyka-serwis.com.pl\/pl\/wp-json\/wp\/v2\/pages\/505\/revisions"}],"predecessor-version":[{"id":1015,"href":"https:\/\/automatyka-serwis.com.pl\/pl\/wp-json\/wp\/v2\/pages\/505\/revisions\/1015"}],"up":[{"embeddable":true,"href":"https:\/\/automatyka-serwis.com.pl\/pl\/wp-json\/wp\/v2\/pages\/198"}],"wp:attachment":[{"href":"https:\/\/automatyka-serwis.com.pl\/pl\/wp-json\/wp\/v2\/media?parent=505"}],"curies":[{"name":"wp","href":"https:\/\/api.w.org\/{rel}","templated":true}]}}