{"id":145,"date":"2024-02-20T11:26:06","date_gmt":"2024-02-20T10:26:06","guid":{"rendered":"https:\/\/automatyka-serwis.com.pl\/?page_id=145"},"modified":"2026-02-27T13:21:34","modified_gmt":"2026-02-27T12:21:34","slug":"strona-glowna","status":"publish","type":"page","link":"https:\/\/automatyka-serwis.com.pl\/pl\/","title":{"rendered":"Witamy"},"content":{"rendered":"\n<div class=\"wp-block-media-text has-media-on-the-right\" style=\"grid-template-columns:auto 16%\"><div class=\"wp-block-media-text__content\">\n<p>Wagi samochodowe, wagi kolejowe oraz wagi automatyczne, to podstawowe urz\u0105dzenia produkowane przez nasze przedsi\u0119biorstwo od przesz\u0142o 30 lat. Mo\u017cemy pochwali\u0107 si\u0119 blisko dwoma tysi\u0105cami wag samochodowych i kolejowych, wybudowanymi przez nas w ca\u0142o\u015bci. Najwy\u017csz\u0105 jako\u015b\u0107 naszych urz\u0105dze\u0144 uzyskujemy dzi\u0119ki najnowszym technologiom oraz kontroli jako\u015bci na ka\u017cdym etapie produkcji.<\/p>\n\n\n\n<p>Aktualnie nasza dzia\u0142alno\u015b\u0107 skupiona jest w dw\u00f3ch g\u0142\u00f3wnych obszarach:<\/p>\n\n\n\n<ul class=\"wp-block-list\">\n<li>Wagi nieautomatyczne &#8211; tj. wagi do <a href=\"https:\/\/automatyka-serwis.com.pl\/pl\/wagi-samochodowe\/\">wa\u017cenia samochod\u00f3w ci\u0119\u017carowych<\/a> i <a href=\"https:\/\/automatyka-serwis.com.pl\/pl\/wagi-kolejowe\/\">wagon\u00f3w<\/a>.<\/li>\n\n\n\n<li><a href=\"https:\/\/automatyka-serwis.com.pl\/pl\/wagi-automatyczne\/\">Wagi automatyczne<\/a> &#8211; do nape\u0142niania, porcjowania i odwa\u017cania produkt\u00f3w sypkich.<\/li>\n<\/ul>\n\n\n\n<p>Budujemy wagi oraz zapewniamy serwis zar\u00f3wno naszych wag, jak i wag innych producent\u00f3w na terenie ca\u0142ej Polski.<\/p>\n\n\n\n<p>Kontakt: <a href=\"tel:+48 914648560\">tel: +48 91 464 85 60<\/a><\/p>\n<\/div><figure class=\"wp-block-media-text__media\"><img loading=\"lazy\" decoding=\"async\" width=\"107\" height=\"84\" src=\"https:\/\/automatyka-serwis.com.pl\/wp-content\/uploads\/2026\/02\/Diamenty_Forbes_2025_blue_250.webp\" alt=\"Logotyp Diamenty Forbes\" class=\"wp-image-1272 size-full\" srcset=\"https:\/\/automatyka-serwis.com.pl\/wp-content\/uploads\/2026\/02\/Diamenty_Forbes_2025_blue_250.webp 107w, https:\/\/automatyka-serwis.com.pl\/wp-content\/uploads\/2026\/02\/Diamenty_Forbes_2025_blue_250-50x39.webp 50w\" sizes=\"auto, (max-width: 107px) 100vw, 107px\" \/><\/figure><\/div>\n","protected":false},"excerpt":{"rendered":"","protected":false},"author":1,"featured_media":0,"parent":0,"menu_order":0,"comment_status":"closed","ping_status":"closed","template":"","meta":{"_acf_changed":false,"_monsterinsights_skip_tracking":false,"_monsterinsights_sitenote_active":false,"_monsterinsights_sitenote_note":"","_monsterinsights_sitenote_category":0,"footnotes":""},"class_list":["post-145","page","type-page","status-publish","hentry"],"acf":[],"yoast_head":"<!-- This site is optimized with the Yoast SEO plugin v27.0 - https:\/\/yoast.com\/product\/yoast-seo-wordpress\/ -->\n<title>Wagi samochodowe | Wagi kolejowe | Wagi automatyczne<\/title>\n<meta name=\"description\" content=\"Sprawdzone i trwa\u0142e wagi samochodowe, dostosowane w r\u00f3\u017cnorakich zastosowa\u0144 i warunk\u00f3w pracy. Jako\u015b\u0107 poparta ponad 30 latami do\u015bwiadczenia.\" \/>\n<meta name=\"robots\" content=\"index, follow, max-snippet:-1, max-image-preview:large, max-video-preview:-1\" \/>\n<link rel=\"canonical\" href=\"https:\/\/automatyka-serwis.com.pl\/pl\/\" \/>\n<meta property=\"og:locale\" content=\"pl_PL\" \/>\n<meta property=\"og:type\" content=\"article\" \/>\n<meta property=\"og:title\" content=\"Wagi samochodowe | Wagi kolejowe | Wagi automatyczne\" \/>\n<meta property=\"og:description\" content=\"Sprawdzone i trwa\u0142e wagi samochodowe, dostosowane w r\u00f3\u017cnorakich zastosowa\u0144 i warunk\u00f3w pracy. Jako\u015b\u0107 poparta ponad 30 latami do\u015bwiadczenia.\" \/>\n<meta property=\"og:url\" content=\"https:\/\/automatyka-serwis.com.pl\/pl\/\" \/>\n<meta property=\"og:site_name\" content=\"Automatyka Serwis\" \/>\n<meta property=\"article:publisher\" content=\"https:\/\/www.facebook.com\/profile.php?id=100054461050574\" \/>\n<meta property=\"article:modified_time\" content=\"2026-02-27T12:21:34+00:00\" \/>\n<meta property=\"og:image\" content=\"https:\/\/automatyka-serwis.com.pl\/wp-content\/uploads\/2026\/02\/Diamenty_Forbes_2025_blue_250.webp\" \/>\n\t<meta property=\"og:image:width\" content=\"107\" \/>\n\t<meta property=\"og:image:height\" content=\"84\" \/>\n\t<meta property=\"og:image:type\" content=\"image\/webp\" \/>\n<meta name=\"twitter:card\" content=\"summary_large_image\" \/>\n<meta name=\"twitter:label1\" content=\"Szacowany czas czytania\" \/>\n\t<meta name=\"twitter:data1\" content=\"1 minuta\" \/>\n<script type=\"application\/ld+json\" class=\"yoast-schema-graph\">{\"@context\":\"https:\/\/schema.org\",\"@graph\":[{\"@type\":\"WebPage\",\"@id\":\"https:\/\/automatyka-serwis.com.pl\/pl\/\",\"url\":\"https:\/\/automatyka-serwis.com.pl\/pl\/\",\"name\":\"Wagi samochodowe | Wagi kolejowe | Wagi automatyczne\",\"isPartOf\":{\"@id\":\"https:\/\/automatyka-serwis.com.pl\/pl\/#website\"},\"primaryImageOfPage\":{\"@id\":\"https:\/\/automatyka-serwis.com.pl\/pl\/#primaryimage\"},\"image\":{\"@id\":\"https:\/\/automatyka-serwis.com.pl\/pl\/#primaryimage\"},\"thumbnailUrl\":\"https:\/\/automatyka-serwis.com.pl\/wp-content\/uploads\/2026\/02\/Diamenty_Forbes_2025_blue_250.webp\",\"datePublished\":\"2024-02-20T10:26:06+00:00\",\"dateModified\":\"2026-02-27T12:21:34+00:00\",\"description\":\"Sprawdzone i trwa\u0142e wagi samochodowe, dostosowane w r\u00f3\u017cnorakich zastosowa\u0144 i warunk\u00f3w pracy. Jako\u015b\u0107 poparta ponad 30 latami do\u015bwiadczenia.\",\"breadcrumb\":{\"@id\":\"https:\/\/automatyka-serwis.com.pl\/pl\/#breadcrumb\"},\"inLanguage\":\"pl-PL\",\"potentialAction\":[{\"@type\":\"ReadAction\",\"target\":[\"https:\/\/automatyka-serwis.com.pl\/pl\/\"]}]},{\"@type\":\"ImageObject\",\"inLanguage\":\"pl-PL\",\"@id\":\"https:\/\/automatyka-serwis.com.pl\/pl\/#primaryimage\",\"url\":\"https:\/\/automatyka-serwis.com.pl\/wp-content\/uploads\/2026\/02\/Diamenty_Forbes_2025_blue_250.webp\",\"contentUrl\":\"https:\/\/automatyka-serwis.com.pl\/wp-content\/uploads\/2026\/02\/Diamenty_Forbes_2025_blue_250.webp\"},{\"@type\":\"BreadcrumbList\",\"@id\":\"https:\/\/automatyka-serwis.com.pl\/pl\/#breadcrumb\",\"itemListElement\":[{\"@type\":\"ListItem\",\"position\":1,\"name\":\"Strona g\u0142\u00f3wna\",\"item\":\"https:\/\/automatyka-serwis.com.pl\/pl\/\"},{\"@type\":\"ListItem\",\"position\":2,\"name\":\"Witamy\"}]},{\"@type\":\"WebSite\",\"@id\":\"https:\/\/automatyka-serwis.com.pl\/pl\/#website\",\"url\":\"https:\/\/automatyka-serwis.com.pl\/pl\/\",\"name\":\"Automatyka Serwis\",\"description\":\"\",\"publisher\":{\"@id\":\"https:\/\/automatyka-serwis.com.pl\/pl\/#organization\"},\"potentialAction\":[{\"@type\":\"SearchAction\",\"target\":{\"@type\":\"EntryPoint\",\"urlTemplate\":\"https:\/\/automatyka-serwis.com.pl\/pl\/?s={search_term_string}\"},\"query-input\":{\"@type\":\"PropertyValueSpecification\",\"valueRequired\":true,\"valueName\":\"search_term_string\"}}],\"inLanguage\":\"pl-PL\"},{\"@type\":\"Organization\",\"@id\":\"https:\/\/automatyka-serwis.com.pl\/pl\/#organization\",\"name\":\"Automatyka Serwis Automatyka Serwis Sp. z o.o. Sp.k.\",\"url\":\"https:\/\/automatyka-serwis.com.pl\/pl\/\",\"logo\":{\"@type\":\"ImageObject\",\"inLanguage\":\"pl-PL\",\"@id\":\"https:\/\/automatyka-serwis.com.pl\/pl\/#\/schema\/logo\/image\/\",\"url\":\"https:\/\/automatyka-serwis.com.pl\/wp-content\/uploads\/2024\/07\/Logo-2017.png\",\"contentUrl\":\"https:\/\/automatyka-serwis.com.pl\/wp-content\/uploads\/2024\/07\/Logo-2017.png\",\"width\":173,\"height\":40,\"caption\":\"Automatyka Serwis Automatyka Serwis Sp. z o.o. Sp.k.\"},\"image\":{\"@id\":\"https:\/\/automatyka-serwis.com.pl\/pl\/#\/schema\/logo\/image\/\"},\"sameAs\":[\"https:\/\/www.facebook.com\/profile.php?id=100054461050574\"]}]}<\/script>\n<!-- \/ Yoast SEO plugin. -->","yoast_head_json":{"title":"Wagi samochodowe | Wagi kolejowe | Wagi automatyczne","description":"Sprawdzone i trwa\u0142e wagi samochodowe, dostosowane w r\u00f3\u017cnorakich zastosowa\u0144 i warunk\u00f3w pracy. Jako\u015b\u0107 poparta ponad 30 latami do\u015bwiadczenia.","robots":{"index":"index","follow":"follow","max-snippet":"max-snippet:-1","max-image-preview":"max-image-preview:large","max-video-preview":"max-video-preview:-1"},"canonical":"https:\/\/automatyka-serwis.com.pl\/pl\/","og_locale":"pl_PL","og_type":"article","og_title":"Wagi samochodowe | Wagi kolejowe | Wagi automatyczne","og_description":"Sprawdzone i trwa\u0142e wagi samochodowe, dostosowane w r\u00f3\u017cnorakich zastosowa\u0144 i warunk\u00f3w pracy. Jako\u015b\u0107 poparta ponad 30 latami do\u015bwiadczenia.","og_url":"https:\/\/automatyka-serwis.com.pl\/pl\/","og_site_name":"Automatyka Serwis","article_publisher":"https:\/\/www.facebook.com\/profile.php?id=100054461050574","article_modified_time":"2026-02-27T12:21:34+00:00","og_image":[{"width":107,"height":84,"url":"https:\/\/automatyka-serwis.com.pl\/wp-content\/uploads\/2026\/02\/Diamenty_Forbes_2025_blue_250.webp","type":"image\/webp"}],"twitter_card":"summary_large_image","twitter_misc":{"Szacowany czas czytania":"1 minuta"},"schema":{"@context":"https:\/\/schema.org","@graph":[{"@type":"WebPage","@id":"https:\/\/automatyka-serwis.com.pl\/pl\/","url":"https:\/\/automatyka-serwis.com.pl\/pl\/","name":"Wagi samochodowe | Wagi kolejowe | Wagi automatyczne","isPartOf":{"@id":"https:\/\/automatyka-serwis.com.pl\/pl\/#website"},"primaryImageOfPage":{"@id":"https:\/\/automatyka-serwis.com.pl\/pl\/#primaryimage"},"image":{"@id":"https:\/\/automatyka-serwis.com.pl\/pl\/#primaryimage"},"thumbnailUrl":"https:\/\/automatyka-serwis.com.pl\/wp-content\/uploads\/2026\/02\/Diamenty_Forbes_2025_blue_250.webp","datePublished":"2024-02-20T10:26:06+00:00","dateModified":"2026-02-27T12:21:34+00:00","description":"Sprawdzone i trwa\u0142e wagi samochodowe, dostosowane w r\u00f3\u017cnorakich zastosowa\u0144 i warunk\u00f3w pracy. Jako\u015b\u0107 poparta ponad 30 latami do\u015bwiadczenia.","breadcrumb":{"@id":"https:\/\/automatyka-serwis.com.pl\/pl\/#breadcrumb"},"inLanguage":"pl-PL","potentialAction":[{"@type":"ReadAction","target":["https:\/\/automatyka-serwis.com.pl\/pl\/"]}]},{"@type":"ImageObject","inLanguage":"pl-PL","@id":"https:\/\/automatyka-serwis.com.pl\/pl\/#primaryimage","url":"https:\/\/automatyka-serwis.com.pl\/wp-content\/uploads\/2026\/02\/Diamenty_Forbes_2025_blue_250.webp","contentUrl":"https:\/\/automatyka-serwis.com.pl\/wp-content\/uploads\/2026\/02\/Diamenty_Forbes_2025_blue_250.webp"},{"@type":"BreadcrumbList","@id":"https:\/\/automatyka-serwis.com.pl\/pl\/#breadcrumb","itemListElement":[{"@type":"ListItem","position":1,"name":"Strona g\u0142\u00f3wna","item":"https:\/\/automatyka-serwis.com.pl\/pl\/"},{"@type":"ListItem","position":2,"name":"Witamy"}]},{"@type":"WebSite","@id":"https:\/\/automatyka-serwis.com.pl\/pl\/#website","url":"https:\/\/automatyka-serwis.com.pl\/pl\/","name":"Automatyka Serwis","description":"","publisher":{"@id":"https:\/\/automatyka-serwis.com.pl\/pl\/#organization"},"potentialAction":[{"@type":"SearchAction","target":{"@type":"EntryPoint","urlTemplate":"https:\/\/automatyka-serwis.com.pl\/pl\/?s={search_term_string}"},"query-input":{"@type":"PropertyValueSpecification","valueRequired":true,"valueName":"search_term_string"}}],"inLanguage":"pl-PL"},{"@type":"Organization","@id":"https:\/\/automatyka-serwis.com.pl\/pl\/#organization","name":"Automatyka Serwis Automatyka Serwis Sp. z o.o. Sp.k.","url":"https:\/\/automatyka-serwis.com.pl\/pl\/","logo":{"@type":"ImageObject","inLanguage":"pl-PL","@id":"https:\/\/automatyka-serwis.com.pl\/pl\/#\/schema\/logo\/image\/","url":"https:\/\/automatyka-serwis.com.pl\/wp-content\/uploads\/2024\/07\/Logo-2017.png","contentUrl":"https:\/\/automatyka-serwis.com.pl\/wp-content\/uploads\/2024\/07\/Logo-2017.png","width":173,"height":40,"caption":"Automatyka Serwis Automatyka Serwis Sp. z o.o. Sp.k."},"image":{"@id":"https:\/\/automatyka-serwis.com.pl\/pl\/#\/schema\/logo\/image\/"},"sameAs":["https:\/\/www.facebook.com\/profile.php?id=100054461050574"]}]}},"_links":{"self":[{"href":"https:\/\/automatyka-serwis.com.pl\/pl\/wp-json\/wp\/v2\/pages\/145","targetHints":{"allow":["GET"]}}],"collection":[{"href":"https:\/\/automatyka-serwis.com.pl\/pl\/wp-json\/wp\/v2\/pages"}],"about":[{"href":"https:\/\/automatyka-serwis.com.pl\/pl\/wp-json\/wp\/v2\/types\/page"}],"author":[{"embeddable":true,"href":"https:\/\/automatyka-serwis.com.pl\/pl\/wp-json\/wp\/v2\/users\/1"}],"replies":[{"embeddable":true,"href":"https:\/\/automatyka-serwis.com.pl\/pl\/wp-json\/wp\/v2\/comments?post=145"}],"version-history":[{"count":24,"href":"https:\/\/automatyka-serwis.com.pl\/pl\/wp-json\/wp\/v2\/pages\/145\/revisions"}],"predecessor-version":[{"id":1274,"href":"https:\/\/automatyka-serwis.com.pl\/pl\/wp-json\/wp\/v2\/pages\/145\/revisions\/1274"}],"wp:attachment":[{"href":"https:\/\/automatyka-serwis.com.pl\/pl\/wp-json\/wp\/v2\/media?parent=145"}],"curies":[{"name":"wp","href":"https:\/\/api.w.org\/{rel}","templated":true}]}}